{"id":2996,"date":"2023-07-01T17:43:06","date_gmt":"2023-07-01T21:43:06","guid":{"rendered":"https:\/\/micdoodle8.com\/?page_id=2996"},"modified":"2024-02-20T06:19:56","modified_gmt":"2024-02-20T11:19:56","slug":"dmca","status":"publish","type":"page","link":"https:\/\/micdoodle8.com\/de\/dmca\/","title":{"rendered":"DMCA"},"content":{"rendered":"<p>Unter <a href=\"https:\/\/micdoodle8.com\/de\/\">Micdoodle8<\/a>.com respektieren wir die Rechte am geistigen Eigentum anderer und erwarten das Gleiche von unseren Nutzern. In \u00dcbereinstimmung mit dem Digital Millennium Copyright Act von 1998 (DMCA), dessen vollst\u00e4ndiger Text auf der Website des U.S. Copyright Office abrufbar ist unter <a href=\"http:\/\/www.copyright.gov\/legislation\/dmca.pdf\" target=\"_new\" rel=\"noopener\">http:\/\/www.copyright.gov\/legislation\/dmca.pdf<\/a>Wir verpflichten uns, Behauptungen \u00fcber Urheberrechtsverletzungen, die an den unten aufgef\u00fchrten Urheberrechtsbeauftragten gerichtet werden, unverz\u00fcglich zu bearbeiten.<\/p>\n<p>Wenn Sie Inhaber eines Urheberrechts sind oder befugt sind, im Namen eines Urheberrechtsinhabers zu handeln, oder wenn Sie befugt sind, im Rahmen eines ausschlie\u00dflichen Rechts unter dem Urheberrecht zu handeln, melden Sie bitte alle angeblichen Urheberrechtsverletzungen, die auf oder \u00fcber Micdoodle8.com stattfinden, indem Sie die folgende DMCA-Nachricht \u00fcber eine angebliche Verletzung an unseren ernannten Urheberrechtsvertreter \u00fcbermitteln. Nach Erhalt der Mitteilung, wie unten beschrieben, werden wir die Ma\u00dfnahmen ergreifen, die wir nach eigenem Ermessen f\u00fcr notwendig halten, einschlie\u00dflich der m\u00f6glichen Entfernung des beanstandeten Inhalts von unserer Website.<div class=\"related-post-title\" style=\"color: #00008B; text-decoration: underline;\">Lesen Sie auch: <a href=\"https:\/\/micdoodle8.com\/de\/minecraft-pe-1-4-1-apk\/\" style=\"color: #00008B; text-decoration: underline;\">Minecraft PE 1.4.1 APK<\/a><\/div><\/p>\n<h3>DMCA-Mitteilung \u00fcber angebliche Rechtsverletzungen (\"Mitteilung\")<\/h3>\n<ol>\n<li>Nennen Sie eindeutig das urheberrechtlich gesch\u00fctzte Werk, dessen Verletzung behauptet wird, oder, falls mehrere Werke beansprucht werden, legen Sie eine repr\u00e4sentative Liste der Werke vor, die Ihrer Ansicht nach verletzt wurden.<\/li>\n<li>Geben Sie den Inhalt oder den Link an, von dem Sie behaupten, dass er rechtsverletzend ist (oder Gegenstand rechtsverletzender Aktivit\u00e4ten) und dass der Zugang gesperrt werden sollte, einschlie\u00dflich mindestens der URL des Links, der auf unserer Website angezeigt wird, oder der genauen Stelle, an der dieser Inhalt zu finden ist.<\/li>\n<li>Geben Sie Ihre Firmenzugeh\u00f6rigkeit (falls zutreffend), Postanschrift, Telefonnummer und, falls vorhanden, eine E-Mail-Adresse an.<\/li>\n<li>F\u00fcgen Sie die folgenden zwei Erkl\u00e4rungen in den Hauptteil der Mitteilung ein:\n<ul>\n<li>\"Ich erkl\u00e4re hiermit, dass ich in gutem Glauben davon ausgehe, dass die strittige Nutzung des urheberrechtlich gesch\u00fctzten Materials nicht vom Urheberrechtsinhaber, seinem Vertreter oder dem Gesetz genehmigt ist (z. B. als faire Nutzung).\"<\/li>\n<li>\"Ich erkl\u00e4re hiermit, dass die Angaben in dieser Mitteilung richtig sind und dass ich unter Androhung einer Strafe wegen Meineids der Inhaber des Urheberrechts bin oder befugt bin, im Namen des Inhabers des Urheberrechts oder eines ausschlie\u00dflichen Rechts im Rahmen des Urheberrechts, das angeblich verletzt wurde, zu handeln.<\/li>\n<\/ul>\n<\/li>\n<li>Geben Sie Ihren vollst\u00e4ndigen juristischen Namen und Ihre elektronische oder physische Unterschrift an.<\/li>\n<\/ol>\n<p>Um diesen Prozess zu erleichtern, haben wir ein DMCA-Formular erstellt, das Sie ausf\u00fcllen und direkt an uns senden k\u00f6nnen.<\/p>\n<p>Bitte beachten Sie, dass Sie schadenersatzpflichtig sein k\u00f6nnen (einschlie\u00dflich Kosten und Anwaltshonorare), wenn Sie falsche Angaben machen oder b\u00f6swillige Behauptungen \u00fcber die Verletzung Ihres Urheberrechts durch Inhalte, die auf oder \u00fcber unseren Dienst gefunden werden, aufstellen.<\/p>\n<\/p>","protected":false},"excerpt":{"rendered":"<p>Wir von Micdoodle8.com respektieren die Rechte am geistigen Eigentum anderer und erwarten das Gleiche von unseren Benutzern. In \u00dcbereinstimmung mit dem Digital Millennium Copyright Act von 1998 (DMCA), dessen vollst\u00e4ndiger Text auf der Website des U.S. Copyright Office unter http:\/\/www.copyright.gov\/legislation\/dmca.pdf abrufbar ist, verpflichten wir uns, Behauptungen \u00fcber Urheberrechtsverletzungen, die an [...]<\/p>","protected":false},"author":1,"featured_media":0,"parent":0,"menu_order":0,"comment_status":"closed","ping_status":"closed","template":"","meta":{"footnotes":""},"class_list":["post-2996","page","type-page","status-publish","hentry"],"yoast_head":"<!-- This site is optimized with the Yoast SEO plugin v23.5 - https:\/\/yoast.com\/wordpress\/plugins\/seo\/ -->\n<title>DMCA - Micdoodle8<\/title>\n<meta name=\"robots\" content=\"index, follow, max-snippet:-1, max-image-preview:large, max-video-preview:-1\" \/>\n<link rel=\"canonical\" href=\"https:\/\/micdoodle8.com\/de\/dmca\/\" \/>\n<meta property=\"og:locale\" content=\"de_DE\" \/>\n<meta property=\"og:type\" content=\"article\" \/>\n<meta property=\"og:title\" content=\"DMCA - Micdoodle8\" \/>\n<meta property=\"og:description\" content=\"At Micdoodle8.com, we hold the intellectual property rights of others in high regard and expect the same from our users. In line with the Digital Millennium Copyright Act of 1998 (DMCA), whose full text is available on the U.S. Copyright Office website at http:\/\/www.copyright.gov\/legislation\/dmca.pdf, we commit to swiftly addressing allegations of copyright infringement directed to [&hellip;]\" \/>\n<meta property=\"og:url\" content=\"https:\/\/micdoodle8.com\/de\/dmca\/\" \/>\n<meta property=\"og:site_name\" content=\"Micdoodle8\" \/>\n<meta property=\"article:modified_time\" content=\"2024-02-20T11:19:56+00:00\" \/>\n<meta property=\"og:image\" content=\"https:\/\/micdoodle8.com\/wp-content\/uploads\/2023\/04\/lushcave.png\" \/>\n\t<meta property=\"og:image:width\" content=\"1648\" \/>\n\t<meta property=\"og:image:height\" content=\"736\" \/>\n\t<meta property=\"og:image:type\" content=\"image\/png\" \/>\n<meta name=\"twitter:card\" content=\"summary_large_image\" \/>\n<meta name=\"twitter:label1\" content=\"Gesch\u00e4tzte Lesezeit\" \/>\n\t<meta name=\"twitter:data1\" content=\"2\u00a0Minuten\" \/>\n<script type=\"application\/ld+json\" class=\"yoast-schema-graph\">{\"@context\":\"https:\/\/schema.org\",\"@graph\":[{\"@type\":\"WebPage\",\"@id\":\"https:\/\/micdoodle8.com\/fr\/dmca\/\",\"url\":\"https:\/\/micdoodle8.com\/fr\/dmca\/\",\"name\":\"DMCA - Micdoodle8\",\"isPartOf\":{\"@id\":\"https:\/\/micdoodle8.com\/#website\"},\"datePublished\":\"2023-07-01T21:43:06+00:00\",\"dateModified\":\"2024-02-20T11:19:56+00:00\",\"breadcrumb\":{\"@id\":\"https:\/\/micdoodle8.com\/fr\/dmca\/#breadcrumb\"},\"inLanguage\":\"de\",\"potentialAction\":[{\"@type\":\"ReadAction\",\"target\":[\"https:\/\/micdoodle8.com\/fr\/dmca\/\"]}]},{\"@type\":\"BreadcrumbList\",\"@id\":\"https:\/\/micdoodle8.com\/fr\/dmca\/#breadcrumb\",\"itemListElement\":[{\"@type\":\"ListItem\",\"position\":1,\"name\":\"Home\",\"item\":\"https:\/\/micdoodle8.com\/\"},{\"@type\":\"ListItem\",\"position\":2,\"name\":\"DMCA\"}]},{\"@type\":\"WebSite\",\"@id\":\"https:\/\/micdoodle8.com\/#website\",\"url\":\"https:\/\/micdoodle8.com\/\",\"name\":\"Micdoodle8\",\"description\":\"\",\"publisher\":{\"@id\":\"https:\/\/micdoodle8.com\/#organization\"},\"alternateName\":\"Micdoodle8.com\",\"potentialAction\":[{\"@type\":\"SearchAction\",\"target\":{\"@type\":\"EntryPoint\",\"urlTemplate\":\"https:\/\/micdoodle8.com\/?s={search_term_string}\"},\"query-input\":{\"@type\":\"PropertyValueSpecification\",\"valueRequired\":true,\"valueName\":\"search_term_string\"}}],\"inLanguage\":\"de\"},{\"@type\":\"Organization\",\"@id\":\"https:\/\/micdoodle8.com\/#organization\",\"name\":\"Micdoodle8\",\"alternateName\":\"Micdoodle8.com\",\"url\":\"https:\/\/micdoodle8.com\/\",\"logo\":{\"@type\":\"ImageObject\",\"inLanguage\":\"de\",\"@id\":\"https:\/\/micdoodle8.com\/#\/schema\/logo\/image\/\",\"url\":\"https:\/\/micdoodle8.com\/wp-content\/uploads\/2023\/02\/micdoodle-favi.jpg\",\"contentUrl\":\"https:\/\/micdoodle8.com\/wp-content\/uploads\/2023\/02\/micdoodle-favi.jpg\",\"width\":475,\"height\":475,\"caption\":\"Micdoodle8\"},\"image\":{\"@id\":\"https:\/\/micdoodle8.com\/#\/schema\/logo\/image\/\"}}]}<\/script>\n<!-- \/ Yoast SEO plugin. -->","yoast_head_json":{"title":"DMCA - Micdoodle8","robots":{"index":"index","follow":"follow","max-snippet":"max-snippet:-1","max-image-preview":"max-image-preview:large","max-video-preview":"max-video-preview:-1"},"canonical":"https:\/\/micdoodle8.com\/de\/dmca\/","og_locale":"de_DE","og_type":"article","og_title":"DMCA - Micdoodle8","og_description":"At Micdoodle8.com, we hold the intellectual property rights of others in high regard and expect the same from our users. In line with the Digital Millennium Copyright Act of 1998 (DMCA), whose full text is available on the U.S. Copyright Office website at http:\/\/www.copyright.gov\/legislation\/dmca.pdf, we commit to swiftly addressing allegations of copyright infringement directed to [&hellip;]","og_url":"https:\/\/micdoodle8.com\/de\/dmca\/","og_site_name":"Micdoodle8","article_modified_time":"2024-02-20T11:19:56+00:00","og_image":[{"width":1648,"height":736,"url":"https:\/\/micdoodle8.com\/wp-content\/uploads\/2023\/04\/lushcave.png","type":"image\/png"}],"twitter_card":"summary_large_image","twitter_misc":{"Gesch\u00e4tzte Lesezeit":"2\u00a0Minuten"},"schema":{"@context":"https:\/\/schema.org","@graph":[{"@type":"WebPage","@id":"https:\/\/micdoodle8.com\/fr\/dmca\/","url":"https:\/\/micdoodle8.com\/fr\/dmca\/","name":"DMCA - Micdoodle8","isPartOf":{"@id":"https:\/\/micdoodle8.com\/#website"},"datePublished":"2023-07-01T21:43:06+00:00","dateModified":"2024-02-20T11:19:56+00:00","breadcrumb":{"@id":"https:\/\/micdoodle8.com\/fr\/dmca\/#breadcrumb"},"inLanguage":"de","potentialAction":[{"@type":"ReadAction","target":["https:\/\/micdoodle8.com\/fr\/dmca\/"]}]},{"@type":"BreadcrumbList","@id":"https:\/\/micdoodle8.com\/fr\/dmca\/#breadcrumb","itemListElement":[{"@type":"ListItem","position":1,"name":"Home","item":"https:\/\/micdoodle8.com\/"},{"@type":"ListItem","position":2,"name":"DMCA"}]},{"@type":"WebSite","@id":"https:\/\/micdoodle8.com\/#website","url":"https:\/\/micdoodle8.com\/","name":"Micdoodle8","description":"","publisher":{"@id":"https:\/\/micdoodle8.com\/#organization"},"alternateName":"Micdoodle8.com","potentialAction":[{"@type":"SearchAction","target":{"@type":"EntryPoint","urlTemplate":"https:\/\/micdoodle8.com\/?s={search_term_string}"},"query-input":{"@type":"PropertyValueSpecification","valueRequired":true,"valueName":"search_term_string"}}],"inLanguage":"de"},{"@type":"Organization","@id":"https:\/\/micdoodle8.com\/#organization","name":"Micdoodle8","alternateName":"Micdoodle8.com","url":"https:\/\/micdoodle8.com\/","logo":{"@type":"ImageObject","inLanguage":"de","@id":"https:\/\/micdoodle8.com\/#\/schema\/logo\/image\/","url":"https:\/\/micdoodle8.com\/wp-content\/uploads\/2023\/02\/micdoodle-favi.jpg","contentUrl":"https:\/\/micdoodle8.com\/wp-content\/uploads\/2023\/02\/micdoodle-favi.jpg","width":475,"height":475,"caption":"Micdoodle8"},"image":{"@id":"https:\/\/micdoodle8.com\/#\/schema\/logo\/image\/"}}]}},"_links":{"self":[{"href":"https:\/\/micdoodle8.com\/de\/wp-json\/wp\/v2\/pages\/2996","targetHints":{"allow":["GET"]}}],"collection":[{"href":"https:\/\/micdoodle8.com\/de\/wp-json\/wp\/v2\/pages"}],"about":[{"href":"https:\/\/micdoodle8.com\/de\/wp-json\/wp\/v2\/types\/page"}],"author":[{"embeddable":true,"href":"https:\/\/micdoodle8.com\/de\/wp-json\/wp\/v2\/users\/1"}],"replies":[{"embeddable":true,"href":"https:\/\/micdoodle8.com\/de\/wp-json\/wp\/v2\/comments?post=2996"}],"version-history":[{"count":3,"href":"https:\/\/micdoodle8.com\/de\/wp-json\/wp\/v2\/pages\/2996\/revisions"}],"predecessor-version":[{"id":4490,"href":"https:\/\/micdoodle8.com\/de\/wp-json\/wp\/v2\/pages\/2996\/revisions\/4490"}],"wp:attachment":[{"href":"https:\/\/micdoodle8.com\/de\/wp-json\/wp\/v2\/media?parent=2996"}],"curies":[{"name":"wp","href":"https:\/\/api.w.org\/{rel}","templated":true}]}}