{"id":3003,"date":"2023-07-01T17:53:30","date_gmt":"2023-07-01T21:53:30","guid":{"rendered":"https:\/\/micdoodle8.com\/?page_id=3003"},"modified":"2024-02-20T06:17:56","modified_gmt":"2024-02-20T11:17:56","slug":"advertise","status":"publish","type":"page","link":"https:\/\/micdoodle8.com\/de\/advertise\/","title":{"rendered":"Inserieren Sie"},"content":{"rendered":"<p>Willkommen auf der Seite mit den Werbeanfragen von <a href=\"https:\/\/micdoodle8.com\/de\/\">Micdoodle8<\/a>.com. Wir freuen uns \u00fcber Ihr Interesse an einer Verbindung mit unserer engagierten und leidenschaftlichen Community. Wir arbeiten ausschlie\u00dflich mit angesehenen Werbeagenturen und -plattformen zusammen, um zu gew\u00e4hrleisten, dass unser Publikum Werbung von h\u00f6chstem Niveau und h\u00f6chster Relevanz zu sehen bekommt.um mit Ihnen \u00fcber Werbem\u00f6glichkeiten zu sprechen, f\u00fcllen Sie bitte das folgende Formular aus. Mit dem Absenden dieses Formulars versichern Sie, dass die von Ihnen gemachten Angaben korrekt sind und dass Sie befugt sind, im Namen des genannten Unternehmens zu handeln.<\/p>\n<p>Es ist wichtig zu verstehen, dass das Ausf\u00fcllen dieses Formulars nicht automatisch eine Werbefl\u00e4che auf Micdoodle8.com sichert. Wir bewerten alle Werbeinhalte streng, um sicherzustellen, dass sie unseren Qualit\u00e4tsstandards entsprechen und den Interessen unserer Gemeinschaft gerecht werden.<div class=\"related-post-title\" style=\"color: #00008B; text-decoration: underline;\">Lesen Sie auch: <a href=\"https:\/\/micdoodle8.com\/de\/steve-minecraft\/\" style=\"color: #00008B; text-decoration: underline;\">Steve in Minecraft: Der Film - Die Kl\u00f6tzchen-Legende erwacht zum Leben<\/a><\/div><\/p>\n<p>Wir freuen uns darauf, Ihr Angebot zu pr\u00fcfen und sch\u00e4tzen Ihr Interesse an einer Partnerschaft mit Micdoodle8.com!<\/p>\n<\/p>","protected":false},"excerpt":{"rendered":"<p>Willkommen auf der Seite f\u00fcr Werbeanfragen von Micdoodle8.com. Wir freuen uns \u00fcber Ihr Interesse an einer Verbindung mit unserer engagierten und leidenschaftlichen Gemeinschaft. Wir arbeiten ausschlie\u00dflich mit angesehenen Werbeagenturen und -plattformen zusammen, um zu garantieren, dass unser Publikum Werbung von h\u00f6chstem Niveau und h\u00f6chster Relevanz zu sehen bekommt.Um Gespr\u00e4che \u00fcber Werbem\u00f6glichkeiten zu beginnen, f\u00fcllen Sie bitte das [...]<\/p>","protected":false},"author":1,"featured_media":0,"parent":0,"menu_order":0,"comment_status":"closed","ping_status":"closed","template":"","meta":{"footnotes":""},"class_list":["post-3003","page","type-page","status-publish","hentry"],"yoast_head":"<!-- This site is optimized with the Yoast SEO plugin v23.5 - https:\/\/yoast.com\/wordpress\/plugins\/seo\/ -->\n<title>Advertise - Micdoodle8<\/title>\n<meta name=\"robots\" content=\"index, follow, max-snippet:-1, max-image-preview:large, max-video-preview:-1\" \/>\n<link rel=\"canonical\" href=\"https:\/\/micdoodle8.com\/de\/advertise\/\" \/>\n<meta property=\"og:locale\" content=\"de_DE\" \/>\n<meta property=\"og:type\" content=\"article\" \/>\n<meta property=\"og:title\" content=\"Advertise - Micdoodle8\" \/>\n<meta property=\"og:description\" content=\"Welcome to the Advertising Inquiry Page of Micdoodle8.com. We&#8217;re thrilled to learn about your interest in connecting with our engaged and passionate community. We partner solely with esteemed advertising agencies and platforms to guarantee that our audience is presented with ads of the highest caliber and relevance.To initiate discussions regarding advertising possibilities, please complete the [&hellip;]\" \/>\n<meta property=\"og:url\" content=\"https:\/\/micdoodle8.com\/de\/advertise\/\" \/>\n<meta property=\"og:site_name\" content=\"Micdoodle8\" \/>\n<meta property=\"article:modified_time\" content=\"2024-02-20T11:17:56+00:00\" \/>\n<meta property=\"og:image\" content=\"https:\/\/micdoodle8.com\/wp-content\/uploads\/2023\/04\/lushcave.png\" \/>\n\t<meta property=\"og:image:width\" content=\"1648\" \/>\n\t<meta property=\"og:image:height\" content=\"736\" \/>\n\t<meta property=\"og:image:type\" content=\"image\/png\" \/>\n<meta name=\"twitter:card\" content=\"summary_large_image\" \/>\n<meta name=\"twitter:label1\" content=\"Gesch\u00e4tzte Lesezeit\" \/>\n\t<meta name=\"twitter:data1\" content=\"1\u00a0Minute\" \/>\n<script type=\"application\/ld+json\" class=\"yoast-schema-graph\">{\"@context\":\"https:\/\/schema.org\",\"@graph\":[{\"@type\":\"WebPage\",\"@id\":\"https:\/\/micdoodle8.com\/advertise\/\",\"url\":\"https:\/\/micdoodle8.com\/advertise\/\",\"name\":\"Advertise - Micdoodle8\",\"isPartOf\":{\"@id\":\"https:\/\/micdoodle8.com\/#website\"},\"datePublished\":\"2023-07-01T21:53:30+00:00\",\"dateModified\":\"2024-02-20T11:17:56+00:00\",\"breadcrumb\":{\"@id\":\"https:\/\/micdoodle8.com\/advertise\/#breadcrumb\"},\"inLanguage\":\"de\",\"potentialAction\":[{\"@type\":\"ReadAction\",\"target\":[\"https:\/\/micdoodle8.com\/advertise\/\"]}]},{\"@type\":\"BreadcrumbList\",\"@id\":\"https:\/\/micdoodle8.com\/advertise\/#breadcrumb\",\"itemListElement\":[{\"@type\":\"ListItem\",\"position\":1,\"name\":\"Home\",\"item\":\"https:\/\/micdoodle8.com\/\"},{\"@type\":\"ListItem\",\"position\":2,\"name\":\"Advertise\"}]},{\"@type\":\"WebSite\",\"@id\":\"https:\/\/micdoodle8.com\/#website\",\"url\":\"https:\/\/micdoodle8.com\/\",\"name\":\"Micdoodle8\",\"description\":\"\",\"publisher\":{\"@id\":\"https:\/\/micdoodle8.com\/#organization\"},\"alternateName\":\"Micdoodle8.com\",\"potentialAction\":[{\"@type\":\"SearchAction\",\"target\":{\"@type\":\"EntryPoint\",\"urlTemplate\":\"https:\/\/micdoodle8.com\/?s={search_term_string}\"},\"query-input\":{\"@type\":\"PropertyValueSpecification\",\"valueRequired\":true,\"valueName\":\"search_term_string\"}}],\"inLanguage\":\"de\"},{\"@type\":\"Organization\",\"@id\":\"https:\/\/micdoodle8.com\/#organization\",\"name\":\"Micdoodle8\",\"alternateName\":\"Micdoodle8.com\",\"url\":\"https:\/\/micdoodle8.com\/\",\"logo\":{\"@type\":\"ImageObject\",\"inLanguage\":\"de\",\"@id\":\"https:\/\/micdoodle8.com\/#\/schema\/logo\/image\/\",\"url\":\"https:\/\/micdoodle8.com\/wp-content\/uploads\/2023\/02\/micdoodle-favi.jpg\",\"contentUrl\":\"https:\/\/micdoodle8.com\/wp-content\/uploads\/2023\/02\/micdoodle-favi.jpg\",\"width\":475,\"height\":475,\"caption\":\"Micdoodle8\"},\"image\":{\"@id\":\"https:\/\/micdoodle8.com\/#\/schema\/logo\/image\/\"}}]}<\/script>\n<!-- \/ Yoast SEO plugin. -->","yoast_head_json":{"title":"Advertise - Micdoodle8","robots":{"index":"index","follow":"follow","max-snippet":"max-snippet:-1","max-image-preview":"max-image-preview:large","max-video-preview":"max-video-preview:-1"},"canonical":"https:\/\/micdoodle8.com\/de\/advertise\/","og_locale":"de_DE","og_type":"article","og_title":"Advertise - Micdoodle8","og_description":"Welcome to the Advertising Inquiry Page of Micdoodle8.com. We&#8217;re thrilled to learn about your interest in connecting with our engaged and passionate community. We partner solely with esteemed advertising agencies and platforms to guarantee that our audience is presented with ads of the highest caliber and relevance.To initiate discussions regarding advertising possibilities, please complete the [&hellip;]","og_url":"https:\/\/micdoodle8.com\/de\/advertise\/","og_site_name":"Micdoodle8","article_modified_time":"2024-02-20T11:17:56+00:00","og_image":[{"width":1648,"height":736,"url":"https:\/\/micdoodle8.com\/wp-content\/uploads\/2023\/04\/lushcave.png","type":"image\/png"}],"twitter_card":"summary_large_image","twitter_misc":{"Gesch\u00e4tzte Lesezeit":"1\u00a0Minute"},"schema":{"@context":"https:\/\/schema.org","@graph":[{"@type":"WebPage","@id":"https:\/\/micdoodle8.com\/advertise\/","url":"https:\/\/micdoodle8.com\/advertise\/","name":"Advertise - Micdoodle8","isPartOf":{"@id":"https:\/\/micdoodle8.com\/#website"},"datePublished":"2023-07-01T21:53:30+00:00","dateModified":"2024-02-20T11:17:56+00:00","breadcrumb":{"@id":"https:\/\/micdoodle8.com\/advertise\/#breadcrumb"},"inLanguage":"de","potentialAction":[{"@type":"ReadAction","target":["https:\/\/micdoodle8.com\/advertise\/"]}]},{"@type":"BreadcrumbList","@id":"https:\/\/micdoodle8.com\/advertise\/#breadcrumb","itemListElement":[{"@type":"ListItem","position":1,"name":"Home","item":"https:\/\/micdoodle8.com\/"},{"@type":"ListItem","position":2,"name":"Advertise"}]},{"@type":"WebSite","@id":"https:\/\/micdoodle8.com\/#website","url":"https:\/\/micdoodle8.com\/","name":"Micdoodle8","description":"","publisher":{"@id":"https:\/\/micdoodle8.com\/#organization"},"alternateName":"Micdoodle8.com","potentialAction":[{"@type":"SearchAction","target":{"@type":"EntryPoint","urlTemplate":"https:\/\/micdoodle8.com\/?s={search_term_string}"},"query-input":{"@type":"PropertyValueSpecification","valueRequired":true,"valueName":"search_term_string"}}],"inLanguage":"de"},{"@type":"Organization","@id":"https:\/\/micdoodle8.com\/#organization","name":"Micdoodle8","alternateName":"Micdoodle8.com","url":"https:\/\/micdoodle8.com\/","logo":{"@type":"ImageObject","inLanguage":"de","@id":"https:\/\/micdoodle8.com\/#\/schema\/logo\/image\/","url":"https:\/\/micdoodle8.com\/wp-content\/uploads\/2023\/02\/micdoodle-favi.jpg","contentUrl":"https:\/\/micdoodle8.com\/wp-content\/uploads\/2023\/02\/micdoodle-favi.jpg","width":475,"height":475,"caption":"Micdoodle8"},"image":{"@id":"https:\/\/micdoodle8.com\/#\/schema\/logo\/image\/"}}]}},"_links":{"self":[{"href":"https:\/\/micdoodle8.com\/de\/wp-json\/wp\/v2\/pages\/3003","targetHints":{"allow":["GET"]}}],"collection":[{"href":"https:\/\/micdoodle8.com\/de\/wp-json\/wp\/v2\/pages"}],"about":[{"href":"https:\/\/micdoodle8.com\/de\/wp-json\/wp\/v2\/types\/page"}],"author":[{"embeddable":true,"href":"https:\/\/micdoodle8.com\/de\/wp-json\/wp\/v2\/users\/1"}],"replies":[{"embeddable":true,"href":"https:\/\/micdoodle8.com\/de\/wp-json\/wp\/v2\/comments?post=3003"}],"version-history":[{"count":3,"href":"https:\/\/micdoodle8.com\/de\/wp-json\/wp\/v2\/pages\/3003\/revisions"}],"predecessor-version":[{"id":4487,"href":"https:\/\/micdoodle8.com\/de\/wp-json\/wp\/v2\/pages\/3003\/revisions\/4487"}],"wp:attachment":[{"href":"https:\/\/micdoodle8.com\/de\/wp-json\/wp\/v2\/media?parent=3003"}],"curies":[{"name":"wp","href":"https:\/\/api.w.org\/{rel}","templated":true}]}}