{"id":266,"date":"2023-02-25T12:51:51","date_gmt":"2023-02-25T17:51:51","guid":{"rendered":"https:\/\/micdoodle8.com\/?page_id=266"},"modified":"2024-02-20T06:18:53","modified_gmt":"2024-02-20T11:18:53","slug":"disclaimer","status":"publish","type":"page","link":"https:\/\/micdoodle8.com\/es\/disclaimer\/","title":{"rendered":"Descargo de responsabilidad"},"content":{"rendered":"<header>T\u00f3mese su tiempo para leer atentamente esta cl\u00e1usula de exenci\u00f3n de responsabilidad antes de utilizar <a href=\"https:\/\/micdoodle8.com\/es\/\">Micdoodle8<\/a>.com (\"el Sitio Web\"). El acceso y uso del sitio web implica el reconocimiento y consentimiento por su parte de los t\u00e9rminos expuestos en el presente aviso legal.<\/p>\n<h3>Contenidos de terceros<\/h3>\n<p>El sitio web ofrece enlaces para descargar <a href=\"https:\/\/micdoodle8.com\/es\/minecraft-pe-1-20-40-apk\/\">Minecraft<\/a> mods, <a href=\"https:\/\/micdoodle8.com\/es\/adding-custom-skins-to-minecraft\/\">pieles<\/a>paquetes de recursos, <a href=\"https:\/\/micdoodle8.com\/es\/how-to-add-texture-packs-to-minecraft\/\">textura<\/a> paquetes, <a href=\"https:\/\/micdoodle8.com\/es\/how-to-install-minecraft-maps\/\">mapas<\/a>y otros, proporcionados y cargados por terceros. Aunque nuestro objetivo es presentar contenidos seguros y de alta calidad, no podemos garantizar la precisi\u00f3n, seguridad o idoneidad de estos materiales. No producimos, evaluamos ni supervisamos el mantenimiento de estos contenidos, por lo que no podemos responsabilizarnos de los problemas o da\u00f1os que puedan derivarse de su utilizaci\u00f3n.<div class=\"related-post-title\" style=\"color: #00008B; text-decoration: underline;\">Lea tambi\u00e9n: <a href=\"https:\/\/micdoodle8.com\/es\/raiden-shogun-genshin-impact\/\" style=\"color: #00008B; text-decoration: underline;\">Raiden Shogun Genshin Impacto<\/a><\/div><\/p>\n<h3>Responsabilidad del usuario<\/h3>\n<p>Usted acepta que cualquier contenido descargado o utilizado desde el Sitio Web se hace bajo su propia responsabilidad. Es su deber verificar que su dispositivo, software y las versiones del juego a las que juega son compatibles con el contenido que descarga. Le recomendamos encarecidamente que haga una copia de seguridad de sus guardados, archivos y configuraciones de Minecraft antes de instalar nuevos contenidos para mitigar el riesgo de <a href=\"https:\/\/micdoodle8.com\/es\/how-to-add-data-packs-to-minecraft\/\">datos<\/a> p\u00e9rdida o corrupci\u00f3n.<\/p>\n<h3>Enlaces externos<\/h3>\n<p>El sitio web puede contener enlaces a otros sitios no gestionados por Micdoodle8.com. No controlamos el contenido ni las pol\u00edticas de estos sitios externos y no podemos garantizar que sean seguros o correctos. La utilizaci\u00f3n de estos enlaces corre por cuenta y riesgo del usuario, por lo que le recomendamos que se familiarice con las pol\u00edticas de privacidad y las cl\u00e1usulas de exenci\u00f3n de responsabilidad de los sitios externos que visite.<\/p>\n<h3>Limitaci\u00f3n de responsabilidad<\/h3>\n<p>Micdoodle8.com, junto con sus propietarios, personal y socios, no ser\u00e1n responsables de ning\u00fan da\u00f1o o p\u00e9rdida, directo o indirecto, derivado del uso o la imposibilidad de uso de cualquier contenido, recurso o material disponible en el sitio web.<\/p>\n<h3>Cambios en el descargo de responsabilidad<\/h3>\n<p>Nos reservamos el derecho a modificar o revisar este descargo de responsabilidad a nuestra discreci\u00f3n y sin notificaci\u00f3n previa. El uso continuado del Sitio Web por parte del usuario tras cualquier modificaci\u00f3n implica la aceptaci\u00f3n de la cl\u00e1usula de exenci\u00f3n de responsabilidad revisada. Es su responsabilidad revisar peri\u00f3dicamente la cl\u00e1usula de exenci\u00f3n de responsabilidad para mantenerse informado sobre sus t\u00e9rminos.<\/p>\n<p>Si tiene alguna pregunta o duda en relaci\u00f3n con esta cl\u00e1usula de exenci\u00f3n de responsabilidad, no dude en ponerse en contacto con nosotros a trav\u00e9s de los m\u00e9todos de contacto disponibles en el sitio web.<\/p>\n<\/header>\n<\/p>","protected":false},"excerpt":{"rendered":"<p>T\u00f3mate tu tiempo para leer detenidamente este aviso legal antes de utilizar Micdoodle8.com (\"el sitio web\"). El acceso y uso del sitio web implica el reconocimiento y consentimiento de los t\u00e9rminos descritos en este aviso legal. Contenido de terceros El sitio web ofrece enlaces para descargar Minecraft mods, skins, paquetes de recursos, paquetes de texturas, mapas, y m\u00e1s, que son proporcionados y subidos [...]<\/p>","protected":false},"author":1,"featured_media":0,"parent":0,"menu_order":0,"comment_status":"closed","ping_status":"closed","template":"","meta":{"footnotes":""},"class_list":["post-266","page","type-page","status-publish","hentry"],"yoast_head":"<!-- This site is optimized with the Yoast SEO plugin v23.5 - https:\/\/yoast.com\/wordpress\/plugins\/seo\/ -->\n<title>Disclaimer - Micdoodle8<\/title>\n<meta name=\"robots\" content=\"index, follow, max-snippet:-1, max-image-preview:large, max-video-preview:-1\" \/>\n<link rel=\"canonical\" href=\"https:\/\/micdoodle8.com\/es\/disclaimer\/\" \/>\n<meta property=\"og:locale\" content=\"es_ES\" \/>\n<meta property=\"og:type\" content=\"article\" \/>\n<meta property=\"og:title\" content=\"Disclaimer - Micdoodle8\" \/>\n<meta property=\"og:description\" content=\"Please take the time to carefully review this disclaimer prior to utilizing Micdoodle8.com (&#8220;the Website&#8221;). Accessing and using the Website signifies your acknowledgment and consent to the terms outlined in this disclaimer. Third-Party Content The Website offers links for downloading Minecraft mods, skins, resource packs, texture packs, maps, and more, which are provided and uploaded [&hellip;]\" \/>\n<meta property=\"og:url\" content=\"https:\/\/micdoodle8.com\/es\/disclaimer\/\" \/>\n<meta property=\"og:site_name\" content=\"Micdoodle8\" \/>\n<meta property=\"article:modified_time\" content=\"2024-02-20T11:18:53+00:00\" \/>\n<meta property=\"og:image\" content=\"https:\/\/micdoodle8.com\/wp-content\/uploads\/2023\/04\/lushcave.png\" \/>\n\t<meta property=\"og:image:width\" content=\"1648\" \/>\n\t<meta property=\"og:image:height\" content=\"736\" \/>\n\t<meta property=\"og:image:type\" content=\"image\/png\" \/>\n<meta name=\"twitter:card\" content=\"summary_large_image\" \/>\n<meta name=\"twitter:label1\" content=\"Tiempo de lectura\" \/>\n\t<meta name=\"twitter:data1\" content=\"2 minutos\" \/>\n<script type=\"application\/ld+json\" class=\"yoast-schema-graph\">{\"@context\":\"https:\/\/schema.org\",\"@graph\":[{\"@type\":\"WebPage\",\"@id\":\"https:\/\/micdoodle8.com\/disclaimer\/\",\"url\":\"https:\/\/micdoodle8.com\/disclaimer\/\",\"name\":\"Disclaimer - Micdoodle8\",\"isPartOf\":{\"@id\":\"https:\/\/micdoodle8.com\/#website\"},\"datePublished\":\"2023-02-25T17:51:51+00:00\",\"dateModified\":\"2024-02-20T11:18:53+00:00\",\"breadcrumb\":{\"@id\":\"https:\/\/micdoodle8.com\/disclaimer\/#breadcrumb\"},\"inLanguage\":\"es\",\"potentialAction\":[{\"@type\":\"ReadAction\",\"target\":[\"https:\/\/micdoodle8.com\/disclaimer\/\"]}]},{\"@type\":\"BreadcrumbList\",\"@id\":\"https:\/\/micdoodle8.com\/disclaimer\/#breadcrumb\",\"itemListElement\":[{\"@type\":\"ListItem\",\"position\":1,\"name\":\"Home\",\"item\":\"https:\/\/micdoodle8.com\/\"},{\"@type\":\"ListItem\",\"position\":2,\"name\":\"Disclaimer\"}]},{\"@type\":\"WebSite\",\"@id\":\"https:\/\/micdoodle8.com\/#website\",\"url\":\"https:\/\/micdoodle8.com\/\",\"name\":\"Micdoodle8\",\"description\":\"\",\"publisher\":{\"@id\":\"https:\/\/micdoodle8.com\/#organization\"},\"alternateName\":\"Micdoodle8.com\",\"potentialAction\":[{\"@type\":\"SearchAction\",\"target\":{\"@type\":\"EntryPoint\",\"urlTemplate\":\"https:\/\/micdoodle8.com\/?s={search_term_string}\"},\"query-input\":{\"@type\":\"PropertyValueSpecification\",\"valueRequired\":true,\"valueName\":\"search_term_string\"}}],\"inLanguage\":\"es\"},{\"@type\":\"Organization\",\"@id\":\"https:\/\/micdoodle8.com\/#organization\",\"name\":\"Micdoodle8\",\"alternateName\":\"Micdoodle8.com\",\"url\":\"https:\/\/micdoodle8.com\/\",\"logo\":{\"@type\":\"ImageObject\",\"inLanguage\":\"es\",\"@id\":\"https:\/\/micdoodle8.com\/#\/schema\/logo\/image\/\",\"url\":\"https:\/\/micdoodle8.com\/wp-content\/uploads\/2023\/02\/micdoodle-favi.jpg\",\"contentUrl\":\"https:\/\/micdoodle8.com\/wp-content\/uploads\/2023\/02\/micdoodle-favi.jpg\",\"width\":475,\"height\":475,\"caption\":\"Micdoodle8\"},\"image\":{\"@id\":\"https:\/\/micdoodle8.com\/#\/schema\/logo\/image\/\"}}]}<\/script>\n<!-- \/ Yoast SEO plugin. -->","yoast_head_json":{"title":"Disclaimer - Micdoodle8","robots":{"index":"index","follow":"follow","max-snippet":"max-snippet:-1","max-image-preview":"max-image-preview:large","max-video-preview":"max-video-preview:-1"},"canonical":"https:\/\/micdoodle8.com\/es\/disclaimer\/","og_locale":"es_ES","og_type":"article","og_title":"Disclaimer - Micdoodle8","og_description":"Please take the time to carefully review this disclaimer prior to utilizing Micdoodle8.com (&#8220;the Website&#8221;). Accessing and using the Website signifies your acknowledgment and consent to the terms outlined in this disclaimer. Third-Party Content The Website offers links for downloading Minecraft mods, skins, resource packs, texture packs, maps, and more, which are provided and uploaded [&hellip;]","og_url":"https:\/\/micdoodle8.com\/es\/disclaimer\/","og_site_name":"Micdoodle8","article_modified_time":"2024-02-20T11:18:53+00:00","og_image":[{"width":1648,"height":736,"url":"https:\/\/micdoodle8.com\/wp-content\/uploads\/2023\/04\/lushcave.png","type":"image\/png"}],"twitter_card":"summary_large_image","twitter_misc":{"Tiempo de lectura":"2 minutos"},"schema":{"@context":"https:\/\/schema.org","@graph":[{"@type":"WebPage","@id":"https:\/\/micdoodle8.com\/disclaimer\/","url":"https:\/\/micdoodle8.com\/disclaimer\/","name":"Disclaimer - Micdoodle8","isPartOf":{"@id":"https:\/\/micdoodle8.com\/#website"},"datePublished":"2023-02-25T17:51:51+00:00","dateModified":"2024-02-20T11:18:53+00:00","breadcrumb":{"@id":"https:\/\/micdoodle8.com\/disclaimer\/#breadcrumb"},"inLanguage":"es","potentialAction":[{"@type":"ReadAction","target":["https:\/\/micdoodle8.com\/disclaimer\/"]}]},{"@type":"BreadcrumbList","@id":"https:\/\/micdoodle8.com\/disclaimer\/#breadcrumb","itemListElement":[{"@type":"ListItem","position":1,"name":"Home","item":"https:\/\/micdoodle8.com\/"},{"@type":"ListItem","position":2,"name":"Disclaimer"}]},{"@type":"WebSite","@id":"https:\/\/micdoodle8.com\/#website","url":"https:\/\/micdoodle8.com\/","name":"Micdoodle8","description":"","publisher":{"@id":"https:\/\/micdoodle8.com\/#organization"},"alternateName":"Micdoodle8.com","potentialAction":[{"@type":"SearchAction","target":{"@type":"EntryPoint","urlTemplate":"https:\/\/micdoodle8.com\/?s={search_term_string}"},"query-input":{"@type":"PropertyValueSpecification","valueRequired":true,"valueName":"search_term_string"}}],"inLanguage":"es"},{"@type":"Organization","@id":"https:\/\/micdoodle8.com\/#organization","name":"Micdoodle8","alternateName":"Micdoodle8.com","url":"https:\/\/micdoodle8.com\/","logo":{"@type":"ImageObject","inLanguage":"es","@id":"https:\/\/micdoodle8.com\/#\/schema\/logo\/image\/","url":"https:\/\/micdoodle8.com\/wp-content\/uploads\/2023\/02\/micdoodle-favi.jpg","contentUrl":"https:\/\/micdoodle8.com\/wp-content\/uploads\/2023\/02\/micdoodle-favi.jpg","width":475,"height":475,"caption":"Micdoodle8"},"image":{"@id":"https:\/\/micdoodle8.com\/#\/schema\/logo\/image\/"}}]}},"_links":{"self":[{"href":"https:\/\/micdoodle8.com\/es\/wp-json\/wp\/v2\/pages\/266","targetHints":{"allow":["GET"]}}],"collection":[{"href":"https:\/\/micdoodle8.com\/es\/wp-json\/wp\/v2\/pages"}],"about":[{"href":"https:\/\/micdoodle8.com\/es\/wp-json\/wp\/v2\/types\/page"}],"author":[{"embeddable":true,"href":"https:\/\/micdoodle8.com\/es\/wp-json\/wp\/v2\/users\/1"}],"replies":[{"embeddable":true,"href":"https:\/\/micdoodle8.com\/es\/wp-json\/wp\/v2\/comments?post=266"}],"version-history":[{"count":3,"href":"https:\/\/micdoodle8.com\/es\/wp-json\/wp\/v2\/pages\/266\/revisions"}],"predecessor-version":[{"id":4488,"href":"https:\/\/micdoodle8.com\/es\/wp-json\/wp\/v2\/pages\/266\/revisions\/4488"}],"wp:attachment":[{"href":"https:\/\/micdoodle8.com\/es\/wp-json\/wp\/v2\/media?parent=266"}],"curies":[{"name":"wp","href":"https:\/\/api.w.org\/{rel}","templated":true}]}}