{"id":2996,"date":"2023-07-01T17:43:06","date_gmt":"2023-07-01T21:43:06","guid":{"rendered":"https:\/\/micdoodle8.com\/?page_id=2996"},"modified":"2024-02-20T06:19:56","modified_gmt":"2024-02-20T11:19:56","slug":"dmca","status":"publish","type":"page","link":"https:\/\/micdoodle8.com\/es\/dmca\/","title":{"rendered":"DMCA"},"content":{"rendered":"<p>En <a href=\"https:\/\/micdoodle8.com\/es\/\">Micdoodle8<\/a>.com, tenemos en alta estima los derechos de propiedad intelectual de terceros y esperamos lo mismo de nuestros usuarios. De conformidad con la Ley de Derechos de Autor para el Milenio Digital de 1998 (DMCA), cuyo texto completo puede consultarse en el sitio web de la Oficina de Derechos de Autor de EE.UU. en <a href=\"http:\/\/www.copyright.gov\/legislation\/dmca.pdf\" target=\"_new\" rel=\"noopener\">http:\/\/www.copyright.gov\/legislation\/dmca.pdf<\/a>Nos comprometemos a responder r\u00e1pidamente a las acusaciones de infracci\u00f3n de los derechos de autor dirigidas a nuestro agente de derechos de autor designado que se indica a continuaci\u00f3n.<\/p>\n<p>Si posees derechos de autor o est\u00e1s autorizado a actuar en nombre de un propietario de derechos de autor, o si est\u00e1s autorizado a actuar en virtud de cualquier derecho exclusivo bajo derechos de autor, por favor, informa de cualquier presunta infracci\u00f3n de derechos de autor que se produzca en o a trav\u00e9s de Micdoodle8.com enviando el siguiente Aviso DMCA de Presunta Infracci\u00f3n a nuestro agente designado de derechos de autor. Una vez recibida la notificaci\u00f3n como se indica a continuaci\u00f3n, tomaremos las medidas que consideremos necesarias a nuestra entera discreci\u00f3n, incluida la posible eliminaci\u00f3n del contenido impugnado de nuestro sitio web.<div class=\"related-post-title\" style=\"color: #00008B; text-decoration: underline;\">Lea tambi\u00e9n: <a href=\"https:\/\/micdoodle8.com\/es\/best-level-for-diamonds-in-minecraft-1-19\/\" style=\"color: #00008B; text-decoration: underline;\">Mejor Nivel para Diamantes en Minecraft 1.19<\/a><\/div><\/p>\n<h3>Notificaci\u00f3n DMCA de presunta infracci\u00f3n (\"Notificaci\u00f3n\")<\/h3>\n<ol>\n<li>Identifique claramente la obra protegida por derechos de autor cuya infracci\u00f3n se reclama o, si se reclaman varias obras, proporcione una lista representativa de las obras que usted alega que se est\u00e1n infringiendo.<\/li>\n<li>Especifique el contenido o el enlace que usted afirma que est\u00e1 infringiendo (o que es objeto de una actividad infractora) y cuyo acceso deber\u00eda inhabilitarse, incluyendo, como m\u00ednimo, la URL del enlace que aparece en nuestro sitio o la ubicaci\u00f3n exacta donde puede encontrarse dicho contenido.<\/li>\n<li>Indique la afiliaci\u00f3n de su empresa (si procede), la direcci\u00f3n postal, el n\u00famero de tel\u00e9fono y, si dispone de ella, una direcci\u00f3n de correo electr\u00f3nico.<\/li>\n<li>Incluya las dos declaraciones siguientes en el cuerpo del anuncio:\n<ul>\n<li>\"Por la presente declaro que creo de buena fe que el uso controvertido del material protegido por derechos de autor no est\u00e1 autorizado por el propietario de los derechos de autor, su agente o la ley (por ejemplo, como uso leg\u00edtimo).\"<\/li>\n<li>\"Por la presente declaro que la informaci\u00f3n contenida en la presente Notificaci\u00f3n es exacta y, bajo pena de perjurio, que soy el titular de los derechos de autor o estoy autorizado para actuar en nombre del titular de los derechos de autor o de un derecho exclusivo en virtud de los derechos de autor presuntamente infringidos.\"<\/li>\n<\/ul>\n<\/li>\n<li>Indique su nombre legal completo y su firma electr\u00f3nica o f\u00edsica.<\/li>\n<\/ol>\n<p>Para facilitar este proceso, hemos creado un formulario de Notificaci\u00f3n DMCA que puede rellenar y enviarnos directamente.<\/p>\n<p>Tenga en cuenta que puede ser responsable de da\u00f1os y perjuicios (incluidos costes y honorarios de abogados) si tergiversa o realiza afirmaciones de mala fe sobre la infracci\u00f3n de cualquier contenido encontrado en o a trav\u00e9s de nuestro servicio sobre sus derechos de autor.<\/p>\n<\/p>","protected":false},"excerpt":{"rendered":"<p>En Micdoodle8.com tenemos en alta estima los derechos de propiedad intelectual de terceros y esperamos lo mismo de nuestros usuarios. En l\u00ednea con la Ley de Derechos de Autor del Milenio Digital de 1998 (DMCA), cuyo texto completo est\u00e1 disponible en el sitio web de la Oficina de Derechos de Autor de EE.UU. en http:\/\/www.copyright.gov\/legislation\/dmca.pdf, nos comprometemos a abordar r\u00e1pidamente las denuncias de infracci\u00f3n de derechos de autor dirigidas a [...].<\/p>","protected":false},"author":1,"featured_media":0,"parent":0,"menu_order":0,"comment_status":"closed","ping_status":"closed","template":"","meta":{"footnotes":""},"class_list":["post-2996","page","type-page","status-publish","hentry"],"yoast_head":"<!-- This site is optimized with the Yoast SEO plugin v23.5 - https:\/\/yoast.com\/wordpress\/plugins\/seo\/ -->\n<title>DMCA - Micdoodle8<\/title>\n<meta name=\"robots\" content=\"index, follow, max-snippet:-1, max-image-preview:large, max-video-preview:-1\" \/>\n<link rel=\"canonical\" href=\"https:\/\/micdoodle8.com\/es\/dmca\/\" \/>\n<meta property=\"og:locale\" content=\"es_ES\" \/>\n<meta property=\"og:type\" content=\"article\" \/>\n<meta property=\"og:title\" content=\"DMCA - Micdoodle8\" \/>\n<meta property=\"og:description\" content=\"At Micdoodle8.com, we hold the intellectual property rights of others in high regard and expect the same from our users. In line with the Digital Millennium Copyright Act of 1998 (DMCA), whose full text is available on the U.S. Copyright Office website at http:\/\/www.copyright.gov\/legislation\/dmca.pdf, we commit to swiftly addressing allegations of copyright infringement directed to [&hellip;]\" \/>\n<meta property=\"og:url\" content=\"https:\/\/micdoodle8.com\/es\/dmca\/\" \/>\n<meta property=\"og:site_name\" content=\"Micdoodle8\" \/>\n<meta property=\"article:modified_time\" content=\"2024-02-20T11:19:56+00:00\" \/>\n<meta property=\"og:image\" content=\"https:\/\/micdoodle8.com\/wp-content\/uploads\/2023\/04\/lushcave.png\" \/>\n\t<meta property=\"og:image:width\" content=\"1648\" \/>\n\t<meta property=\"og:image:height\" content=\"736\" \/>\n\t<meta property=\"og:image:type\" content=\"image\/png\" \/>\n<meta name=\"twitter:card\" content=\"summary_large_image\" \/>\n<meta name=\"twitter:label1\" content=\"Tiempo de lectura\" \/>\n\t<meta name=\"twitter:data1\" content=\"2 minutos\" \/>\n<script type=\"application\/ld+json\" class=\"yoast-schema-graph\">{\"@context\":\"https:\/\/schema.org\",\"@graph\":[{\"@type\":\"WebPage\",\"@id\":\"https:\/\/micdoodle8.com\/fr\/dmca\/\",\"url\":\"https:\/\/micdoodle8.com\/fr\/dmca\/\",\"name\":\"DMCA - Micdoodle8\",\"isPartOf\":{\"@id\":\"https:\/\/micdoodle8.com\/#website\"},\"datePublished\":\"2023-07-01T21:43:06+00:00\",\"dateModified\":\"2024-02-20T11:19:56+00:00\",\"breadcrumb\":{\"@id\":\"https:\/\/micdoodle8.com\/fr\/dmca\/#breadcrumb\"},\"inLanguage\":\"es\",\"potentialAction\":[{\"@type\":\"ReadAction\",\"target\":[\"https:\/\/micdoodle8.com\/fr\/dmca\/\"]}]},{\"@type\":\"BreadcrumbList\",\"@id\":\"https:\/\/micdoodle8.com\/fr\/dmca\/#breadcrumb\",\"itemListElement\":[{\"@type\":\"ListItem\",\"position\":1,\"name\":\"Home\",\"item\":\"https:\/\/micdoodle8.com\/\"},{\"@type\":\"ListItem\",\"position\":2,\"name\":\"DMCA\"}]},{\"@type\":\"WebSite\",\"@id\":\"https:\/\/micdoodle8.com\/#website\",\"url\":\"https:\/\/micdoodle8.com\/\",\"name\":\"Micdoodle8\",\"description\":\"\",\"publisher\":{\"@id\":\"https:\/\/micdoodle8.com\/#organization\"},\"alternateName\":\"Micdoodle8.com\",\"potentialAction\":[{\"@type\":\"SearchAction\",\"target\":{\"@type\":\"EntryPoint\",\"urlTemplate\":\"https:\/\/micdoodle8.com\/?s={search_term_string}\"},\"query-input\":{\"@type\":\"PropertyValueSpecification\",\"valueRequired\":true,\"valueName\":\"search_term_string\"}}],\"inLanguage\":\"es\"},{\"@type\":\"Organization\",\"@id\":\"https:\/\/micdoodle8.com\/#organization\",\"name\":\"Micdoodle8\",\"alternateName\":\"Micdoodle8.com\",\"url\":\"https:\/\/micdoodle8.com\/\",\"logo\":{\"@type\":\"ImageObject\",\"inLanguage\":\"es\",\"@id\":\"https:\/\/micdoodle8.com\/#\/schema\/logo\/image\/\",\"url\":\"https:\/\/micdoodle8.com\/wp-content\/uploads\/2023\/02\/micdoodle-favi.jpg\",\"contentUrl\":\"https:\/\/micdoodle8.com\/wp-content\/uploads\/2023\/02\/micdoodle-favi.jpg\",\"width\":475,\"height\":475,\"caption\":\"Micdoodle8\"},\"image\":{\"@id\":\"https:\/\/micdoodle8.com\/#\/schema\/logo\/image\/\"}}]}<\/script>\n<!-- \/ Yoast SEO plugin. -->","yoast_head_json":{"title":"DMCA - Micdoodle8","robots":{"index":"index","follow":"follow","max-snippet":"max-snippet:-1","max-image-preview":"max-image-preview:large","max-video-preview":"max-video-preview:-1"},"canonical":"https:\/\/micdoodle8.com\/es\/dmca\/","og_locale":"es_ES","og_type":"article","og_title":"DMCA - Micdoodle8","og_description":"At Micdoodle8.com, we hold the intellectual property rights of others in high regard and expect the same from our users. In line with the Digital Millennium Copyright Act of 1998 (DMCA), whose full text is available on the U.S. Copyright Office website at http:\/\/www.copyright.gov\/legislation\/dmca.pdf, we commit to swiftly addressing allegations of copyright infringement directed to [&hellip;]","og_url":"https:\/\/micdoodle8.com\/es\/dmca\/","og_site_name":"Micdoodle8","article_modified_time":"2024-02-20T11:19:56+00:00","og_image":[{"width":1648,"height":736,"url":"https:\/\/micdoodle8.com\/wp-content\/uploads\/2023\/04\/lushcave.png","type":"image\/png"}],"twitter_card":"summary_large_image","twitter_misc":{"Tiempo de lectura":"2 minutos"},"schema":{"@context":"https:\/\/schema.org","@graph":[{"@type":"WebPage","@id":"https:\/\/micdoodle8.com\/fr\/dmca\/","url":"https:\/\/micdoodle8.com\/fr\/dmca\/","name":"DMCA - Micdoodle8","isPartOf":{"@id":"https:\/\/micdoodle8.com\/#website"},"datePublished":"2023-07-01T21:43:06+00:00","dateModified":"2024-02-20T11:19:56+00:00","breadcrumb":{"@id":"https:\/\/micdoodle8.com\/fr\/dmca\/#breadcrumb"},"inLanguage":"es","potentialAction":[{"@type":"ReadAction","target":["https:\/\/micdoodle8.com\/fr\/dmca\/"]}]},{"@type":"BreadcrumbList","@id":"https:\/\/micdoodle8.com\/fr\/dmca\/#breadcrumb","itemListElement":[{"@type":"ListItem","position":1,"name":"Home","item":"https:\/\/micdoodle8.com\/"},{"@type":"ListItem","position":2,"name":"DMCA"}]},{"@type":"WebSite","@id":"https:\/\/micdoodle8.com\/#website","url":"https:\/\/micdoodle8.com\/","name":"Micdoodle8","description":"","publisher":{"@id":"https:\/\/micdoodle8.com\/#organization"},"alternateName":"Micdoodle8.com","potentialAction":[{"@type":"SearchAction","target":{"@type":"EntryPoint","urlTemplate":"https:\/\/micdoodle8.com\/?s={search_term_string}"},"query-input":{"@type":"PropertyValueSpecification","valueRequired":true,"valueName":"search_term_string"}}],"inLanguage":"es"},{"@type":"Organization","@id":"https:\/\/micdoodle8.com\/#organization","name":"Micdoodle8","alternateName":"Micdoodle8.com","url":"https:\/\/micdoodle8.com\/","logo":{"@type":"ImageObject","inLanguage":"es","@id":"https:\/\/micdoodle8.com\/#\/schema\/logo\/image\/","url":"https:\/\/micdoodle8.com\/wp-content\/uploads\/2023\/02\/micdoodle-favi.jpg","contentUrl":"https:\/\/micdoodle8.com\/wp-content\/uploads\/2023\/02\/micdoodle-favi.jpg","width":475,"height":475,"caption":"Micdoodle8"},"image":{"@id":"https:\/\/micdoodle8.com\/#\/schema\/logo\/image\/"}}]}},"_links":{"self":[{"href":"https:\/\/micdoodle8.com\/es\/wp-json\/wp\/v2\/pages\/2996","targetHints":{"allow":["GET"]}}],"collection":[{"href":"https:\/\/micdoodle8.com\/es\/wp-json\/wp\/v2\/pages"}],"about":[{"href":"https:\/\/micdoodle8.com\/es\/wp-json\/wp\/v2\/types\/page"}],"author":[{"embeddable":true,"href":"https:\/\/micdoodle8.com\/es\/wp-json\/wp\/v2\/users\/1"}],"replies":[{"embeddable":true,"href":"https:\/\/micdoodle8.com\/es\/wp-json\/wp\/v2\/comments?post=2996"}],"version-history":[{"count":3,"href":"https:\/\/micdoodle8.com\/es\/wp-json\/wp\/v2\/pages\/2996\/revisions"}],"predecessor-version":[{"id":4490,"href":"https:\/\/micdoodle8.com\/es\/wp-json\/wp\/v2\/pages\/2996\/revisions\/4490"}],"wp:attachment":[{"href":"https:\/\/micdoodle8.com\/es\/wp-json\/wp\/v2\/media?parent=2996"}],"curies":[{"name":"wp","href":"https:\/\/api.w.org\/{rel}","templated":true}]}}