{"id":263,"date":"2023-02-25T12:49:37","date_gmt":"2023-02-25T17:49:37","guid":{"rendered":"https:\/\/micdoodle8.com\/?page_id=263"},"modified":"2024-02-20T06:22:17","modified_gmt":"2024-02-20T11:22:17","slug":"terms","status":"publish","type":"page","link":"https:\/\/micdoodle8.com\/fr\/terms\/","title":{"rendered":"Conditions"},"content":{"rendered":"<p>Bienvenue \u00e0 <a href=\"https:\/\/micdoodle8.com\/fr\/\">Micdoodle8<\/a>.com ! En acc\u00e9dant \u00e0 notre site web, \u00e0 nos services et \u00e0 notre contenu et en les utilisant, vous acceptez les conditions d'utilisation (\"conditions\") d\u00e9crites ici. Si l'un des aspects de ces conditions ne vous convient pas, veuillez vous abstenir d'utiliser notre site web.<\/p>\n<h3>Acceptation des conditions<\/h3>\n<p>Votre utilisation de Micdoodle8.com signifie que vous acceptez ces conditions, y compris notre politique de confidentialit\u00e9 et tous les avis juridiques ou lignes directrices affich\u00e9s sur le site. Nous pouvons modifier ces conditions \u00e0 tout moment sans pr\u00e9avis, et votre utilisation continue du site signifiera que vous acceptez ces changements.<div class=\"related-post-title\" style=\"color: #00008B; text-decoration: underline;\">Lire aussi : <a href=\"https:\/\/micdoodle8.com\/fr\/minecraft-1-15-1\/\" style=\"color: #00008B; text-decoration: underline;\">Minecraft 1.15.1<\/a><\/div><\/p>\n<h3>Utilisation du site web<\/h3>\n<p>Vous \u00eates tenu d'utiliser Micdoodle8.com et son contenu de mani\u00e8re licite et il vous est interdit de le faire :<\/p>\n<ul>\n<li>Violation de toute loi ou r\u00e9glementation.<\/li>\n<li>enfreindre les droits d'autrui, y compris les droits de propri\u00e9t\u00e9 intellectuelle, les droits \u00e0 la vie priv\u00e9e ou les droits contractuels.<\/li>\n<li>se livrer au harc\u00e8lement, aux menaces, \u00e0 la diffamation ou \u00e0 la diffusion de documents nuisibles ou r\u00e9pr\u00e9hensibles.<\/li>\n<\/ul>\n<h3>Droits de propri\u00e9t\u00e9 intellectuelle<\/h3>\n<p>Le contenu de Micdoodle8.com, y compris les textes, les graphiques, les logos, les images et les logiciels, nous appartient ou appartient \u00e0 nos conc\u00e9dants de licence et est prot\u00e9g\u00e9 par le droit d'auteur et d'autres lois sur la propri\u00e9t\u00e9 intellectuelle. Il est interdit d'utiliser, de modifier, de copier, de reproduire ou de cr\u00e9er des \u0153uvres d\u00e9riv\u00e9es sans l'autorisation \u00e9crite pr\u00e9alable du d\u00e9tenteur des droits d'auteur.<\/p>\n<h3>Contenu g\u00e9n\u00e9r\u00e9 par l'utilisateur<\/h3>\n<p>En fournissant du contenu \u00e0 Micdoodle8.com, vous nous accordez une licence mondiale non exclusive et libre de droits pour utiliser, reproduire, modifier et distribuer votre contenu en relation avec le site et ses services. Vous confirmez que vous avez les droits d'accorder cette licence, et que votre contenu n'enfreint aucune loi ni aucun droit de tiers.<\/p>\n<h3>Clause de non-responsabilit\u00e9 et responsabilit\u00e9<\/h3>\n<p>Micdoodle8.com est fourni \"en l'\u00e9tat\" et \"tel que disponible\", sans aucune garantie, expresse ou implicite. Nous ne sommes pas responsables des dommages directs, indirects, accessoires ou cons\u00e9cutifs r\u00e9sultant de l'utilisation du site ou de son contenu.<\/p>\n<h3>Indemnisation<\/h3>\n<p>Vous acceptez d'indemniser et de d\u00e9gager de toute responsabilit\u00e9 Micdoodle8.com et ses affili\u00e9s en cas de r\u00e9clamations, de dommages ou de d\u00e9penses r\u00e9sultant de votre utilisation du site ou de la violation des pr\u00e9sentes conditions.<\/p>\n<h3>Cessation d'activit\u00e9<\/h3>\n<p>Nous nous r\u00e9servons le droit de mettre fin \u00e0 votre acc\u00e8s au site pour toute violation des pr\u00e9sentes conditions sans pr\u00e9avis.<\/p>\n<h3>Droit applicable<\/h3>\n<p>Les pr\u00e9sentes conditions sont r\u00e9gies par les lois de la juridiction dans laquelle notre soci\u00e9t\u00e9 est enregistr\u00e9e, \u00e0 l'exclusion des principes de conflit de lois.<\/p>\n<h3>Nous contacter<\/h3>\n<p>Pour toute question ou pour signaler une violation des pr\u00e9sentes conditions, veuillez nous contacter via notre site web. Nous nous engageons \u00e0 r\u00e9pondre \u00e0 vos pr\u00e9occupations.<\/p>\n<h3>S\u00e9v\u00e9rit\u00e9<\/h3>\n<p>Si une partie des pr\u00e9sentes conditions est jug\u00e9e invalide, cette partie sera limit\u00e9e ou supprim\u00e9e dans la mesure minimale n\u00e9cessaire, le reste des conditions demeurant pleinement en vigueur.<\/p>\n<h3>Int\u00e9gralit\u00e9 de l'accord<\/h3>\n<p>Les pr\u00e9sentes conditions, ainsi que notre politique de confidentialit\u00e9 et tout autre avis juridique affich\u00e9, constituent l'int\u00e9gralit\u00e9 de l'accord entre vous et Micdoodle8.com concernant l'utilisation du site.<\/p>\n<h3>Pas de renonciation<\/h3>\n<p>Le fait de ne pas appliquer une partie des pr\u00e9sentes conditions ne constitue pas une renonciation \u00e0 cette partie.<\/p>\n<h3>Affectation<\/h3>\n<p>Vos droits en vertu des pr\u00e9sentes conditions ne peuvent \u00eatre c\u00e9d\u00e9s sans notre consentement \u00e9crit. Nous pouvons c\u00e9der nos droits et obligations \u00e0 tout moment.<\/p>\n<p>En utilisant Micdoodle8.com, vous acceptez ces conditions, garantissant une interaction respectueuse et l\u00e9gale avec notre site et son contenu.<\/p>\n<\/p>","protected":false},"excerpt":{"rendered":"<p>Bienvenue sur Micdoodle8.com ! En acc\u00e9dant \u00e0 notre site web, \u00e0 nos services et \u00e0 notre contenu et en les utilisant, vous acceptez les conditions d'utilisation (\"conditions\") d\u00e9crites ici. Si l'un des aspects de ces conditions ne vous convient pas, veuillez vous abstenir d'utiliser notre site web. Acceptation des conditions Votre utilisation de Micdoodle8.com signifie que vous acceptez les pr\u00e9sentes conditions, y compris notre politique de confidentialit\u00e9 [...]<\/p>","protected":false},"author":1,"featured_media":0,"parent":0,"menu_order":0,"comment_status":"closed","ping_status":"closed","template":"","meta":{"footnotes":""},"class_list":["post-263","page","type-page","status-publish","hentry"],"yoast_head":"<!-- This site is optimized with the Yoast SEO plugin v23.5 - https:\/\/yoast.com\/wordpress\/plugins\/seo\/ -->\n<title>Terms - Micdoodle8<\/title>\n<meta name=\"robots\" content=\"index, follow, max-snippet:-1, max-image-preview:large, max-video-preview:-1\" \/>\n<link rel=\"canonical\" href=\"https:\/\/micdoodle8.com\/fr\/terms\/\" \/>\n<meta property=\"og:locale\" content=\"fr_FR\" \/>\n<meta property=\"og:type\" content=\"article\" \/>\n<meta property=\"og:title\" content=\"Terms - Micdoodle8\" \/>\n<meta property=\"og:description\" content=\"Welcome to Micdoodle8.com! By accessing and using our website, services, and content, you agree to the Terms of Use (&#8220;Terms&#8221;) outlined here. If any aspect of these Terms is not acceptable to you, please refrain from using our website. Acceptance of Terms Your use of Micdoodle8.com signifies your agreement to these Terms, including our Privacy [&hellip;]\" \/>\n<meta property=\"og:url\" content=\"https:\/\/micdoodle8.com\/fr\/terms\/\" \/>\n<meta property=\"og:site_name\" content=\"Micdoodle8\" \/>\n<meta property=\"article:modified_time\" content=\"2024-02-20T11:22:17+00:00\" \/>\n<meta property=\"og:image\" content=\"https:\/\/micdoodle8.com\/wp-content\/uploads\/2023\/04\/lushcave.png\" \/>\n\t<meta property=\"og:image:width\" content=\"1648\" \/>\n\t<meta property=\"og:image:height\" content=\"736\" \/>\n\t<meta property=\"og:image:type\" content=\"image\/png\" \/>\n<meta name=\"twitter:card\" content=\"summary_large_image\" \/>\n<meta name=\"twitter:label1\" content=\"Dur\u00e9e de lecture estim\u00e9e\" \/>\n\t<meta name=\"twitter:data1\" content=\"3 minutes\" \/>\n<script type=\"application\/ld+json\" class=\"yoast-schema-graph\">{\"@context\":\"https:\/\/schema.org\",\"@graph\":[{\"@type\":\"WebPage\",\"@id\":\"https:\/\/micdoodle8.com\/terms\/\",\"url\":\"https:\/\/micdoodle8.com\/terms\/\",\"name\":\"Terms - Micdoodle8\",\"isPartOf\":{\"@id\":\"https:\/\/micdoodle8.com\/#website\"},\"datePublished\":\"2023-02-25T17:49:37+00:00\",\"dateModified\":\"2024-02-20T11:22:17+00:00\",\"breadcrumb\":{\"@id\":\"https:\/\/micdoodle8.com\/terms\/#breadcrumb\"},\"inLanguage\":\"fr-FR\",\"potentialAction\":[{\"@type\":\"ReadAction\",\"target\":[\"https:\/\/micdoodle8.com\/terms\/\"]}]},{\"@type\":\"BreadcrumbList\",\"@id\":\"https:\/\/micdoodle8.com\/terms\/#breadcrumb\",\"itemListElement\":[{\"@type\":\"ListItem\",\"position\":1,\"name\":\"Home\",\"item\":\"https:\/\/micdoodle8.com\/\"},{\"@type\":\"ListItem\",\"position\":2,\"name\":\"Terms\"}]},{\"@type\":\"WebSite\",\"@id\":\"https:\/\/micdoodle8.com\/#website\",\"url\":\"https:\/\/micdoodle8.com\/\",\"name\":\"Micdoodle8\",\"description\":\"\",\"publisher\":{\"@id\":\"https:\/\/micdoodle8.com\/#organization\"},\"alternateName\":\"Micdoodle8.com\",\"potentialAction\":[{\"@type\":\"SearchAction\",\"target\":{\"@type\":\"EntryPoint\",\"urlTemplate\":\"https:\/\/micdoodle8.com\/?s={search_term_string}\"},\"query-input\":{\"@type\":\"PropertyValueSpecification\",\"valueRequired\":true,\"valueName\":\"search_term_string\"}}],\"inLanguage\":\"fr-FR\"},{\"@type\":\"Organization\",\"@id\":\"https:\/\/micdoodle8.com\/#organization\",\"name\":\"Micdoodle8\",\"alternateName\":\"Micdoodle8.com\",\"url\":\"https:\/\/micdoodle8.com\/\",\"logo\":{\"@type\":\"ImageObject\",\"inLanguage\":\"fr-FR\",\"@id\":\"https:\/\/micdoodle8.com\/#\/schema\/logo\/image\/\",\"url\":\"https:\/\/micdoodle8.com\/wp-content\/uploads\/2023\/02\/micdoodle-favi.jpg\",\"contentUrl\":\"https:\/\/micdoodle8.com\/wp-content\/uploads\/2023\/02\/micdoodle-favi.jpg\",\"width\":475,\"height\":475,\"caption\":\"Micdoodle8\"},\"image\":{\"@id\":\"https:\/\/micdoodle8.com\/#\/schema\/logo\/image\/\"}}]}<\/script>\n<!-- \/ Yoast SEO plugin. -->","yoast_head_json":{"title":"Terms - Micdoodle8","robots":{"index":"index","follow":"follow","max-snippet":"max-snippet:-1","max-image-preview":"max-image-preview:large","max-video-preview":"max-video-preview:-1"},"canonical":"https:\/\/micdoodle8.com\/fr\/terms\/","og_locale":"fr_FR","og_type":"article","og_title":"Terms - Micdoodle8","og_description":"Welcome to Micdoodle8.com! By accessing and using our website, services, and content, you agree to the Terms of Use (&#8220;Terms&#8221;) outlined here. If any aspect of these Terms is not acceptable to you, please refrain from using our website. Acceptance of Terms Your use of Micdoodle8.com signifies your agreement to these Terms, including our Privacy [&hellip;]","og_url":"https:\/\/micdoodle8.com\/fr\/terms\/","og_site_name":"Micdoodle8","article_modified_time":"2024-02-20T11:22:17+00:00","og_image":[{"width":1648,"height":736,"url":"https:\/\/micdoodle8.com\/wp-content\/uploads\/2023\/04\/lushcave.png","type":"image\/png"}],"twitter_card":"summary_large_image","twitter_misc":{"Dur\u00e9e de lecture estim\u00e9e":"3 minutes"},"schema":{"@context":"https:\/\/schema.org","@graph":[{"@type":"WebPage","@id":"https:\/\/micdoodle8.com\/terms\/","url":"https:\/\/micdoodle8.com\/terms\/","name":"Terms - Micdoodle8","isPartOf":{"@id":"https:\/\/micdoodle8.com\/#website"},"datePublished":"2023-02-25T17:49:37+00:00","dateModified":"2024-02-20T11:22:17+00:00","breadcrumb":{"@id":"https:\/\/micdoodle8.com\/terms\/#breadcrumb"},"inLanguage":"fr-FR","potentialAction":[{"@type":"ReadAction","target":["https:\/\/micdoodle8.com\/terms\/"]}]},{"@type":"BreadcrumbList","@id":"https:\/\/micdoodle8.com\/terms\/#breadcrumb","itemListElement":[{"@type":"ListItem","position":1,"name":"Home","item":"https:\/\/micdoodle8.com\/"},{"@type":"ListItem","position":2,"name":"Terms"}]},{"@type":"WebSite","@id":"https:\/\/micdoodle8.com\/#website","url":"https:\/\/micdoodle8.com\/","name":"Micdoodle8","description":"","publisher":{"@id":"https:\/\/micdoodle8.com\/#organization"},"alternateName":"Micdoodle8.com","potentialAction":[{"@type":"SearchAction","target":{"@type":"EntryPoint","urlTemplate":"https:\/\/micdoodle8.com\/?s={search_term_string}"},"query-input":{"@type":"PropertyValueSpecification","valueRequired":true,"valueName":"search_term_string"}}],"inLanguage":"fr-FR"},{"@type":"Organization","@id":"https:\/\/micdoodle8.com\/#organization","name":"Micdoodle8","alternateName":"Micdoodle8.com","url":"https:\/\/micdoodle8.com\/","logo":{"@type":"ImageObject","inLanguage":"fr-FR","@id":"https:\/\/micdoodle8.com\/#\/schema\/logo\/image\/","url":"https:\/\/micdoodle8.com\/wp-content\/uploads\/2023\/02\/micdoodle-favi.jpg","contentUrl":"https:\/\/micdoodle8.com\/wp-content\/uploads\/2023\/02\/micdoodle-favi.jpg","width":475,"height":475,"caption":"Micdoodle8"},"image":{"@id":"https:\/\/micdoodle8.com\/#\/schema\/logo\/image\/"}}]}},"_links":{"self":[{"href":"https:\/\/micdoodle8.com\/fr\/wp-json\/wp\/v2\/pages\/263","targetHints":{"allow":["GET"]}}],"collection":[{"href":"https:\/\/micdoodle8.com\/fr\/wp-json\/wp\/v2\/pages"}],"about":[{"href":"https:\/\/micdoodle8.com\/fr\/wp-json\/wp\/v2\/types\/page"}],"author":[{"embeddable":true,"href":"https:\/\/micdoodle8.com\/fr\/wp-json\/wp\/v2\/users\/1"}],"replies":[{"embeddable":true,"href":"https:\/\/micdoodle8.com\/fr\/wp-json\/wp\/v2\/comments?post=263"}],"version-history":[{"count":5,"href":"https:\/\/micdoodle8.com\/fr\/wp-json\/wp\/v2\/pages\/263\/revisions"}],"predecessor-version":[{"id":4500,"href":"https:\/\/micdoodle8.com\/fr\/wp-json\/wp\/v2\/pages\/263\/revisions\/4500"}],"wp:attachment":[{"href":"https:\/\/micdoodle8.com\/fr\/wp-json\/wp\/v2\/media?parent=263"}],"curies":[{"name":"wp","href":"https:\/\/api.w.org\/{rel}","templated":true}]}}