{"id":266,"date":"2023-02-25T12:51:51","date_gmt":"2023-02-25T17:51:51","guid":{"rendered":"https:\/\/micdoodle8.com\/?page_id=266"},"modified":"2024-02-20T06:18:53","modified_gmt":"2024-02-20T11:18:53","slug":"disclaimer","status":"publish","type":"page","link":"https:\/\/micdoodle8.com\/fr\/disclaimer\/","title":{"rendered":"Clause de non-responsabilit\u00e9"},"content":{"rendered":"<header>Veuillez prendre le temps de lire attentivement la pr\u00e9sente clause de non-responsabilit\u00e9 avant d'utiliser les services de la Commission europ\u00e9enne. <a href=\"https:\/\/micdoodle8.com\/fr\/\">Micdoodle8<\/a>.com (\"le site web\"). En acc\u00e9dant au site web et en l'utilisant, vous reconnaissez et acceptez les conditions \u00e9nonc\u00e9es dans la pr\u00e9sente clause de non-responsabilit\u00e9.<\/p>\n<h3>Contenu de tiers<\/h3>\n<p>Le site web propose des liens pour t\u00e9l\u00e9charger <a href=\"https:\/\/micdoodle8.com\/fr\/minecraft-pe-1-20-40-apk\/\">Minecraft<\/a> mods, <a href=\"https:\/\/micdoodle8.com\/fr\/adding-custom-skins-to-minecraft\/\">peaux<\/a>des packs de ressources, <a href=\"https:\/\/micdoodle8.com\/fr\/how-to-add-texture-packs-to-minecraft\/\">la texture<\/a> paquets, <a href=\"https:\/\/micdoodle8.com\/fr\/how-to-install-minecraft-maps\/\">cartes<\/a>et bien d'autres choses encore, qui sont fournies et t\u00e9l\u00e9charg\u00e9es par des parties externes. Bien que notre objectif soit de pr\u00e9senter un contenu de haute qualit\u00e9 et s\u00fbr, nous ne pouvons pas garantir la pr\u00e9cision, la s\u00e9curit\u00e9 ou l'ad\u00e9quation de ce mat\u00e9riel. Nous ne produisons pas, n'\u00e9valuons pas et ne supervisons pas la maintenance de ce contenu et ne pouvons donc pas \u00eatre tenus pour responsables des probl\u00e8mes ou dommages qui pourraient r\u00e9sulter de l'utilisation de ce contenu.<div class=\"related-post-title\" style=\"color: #00008B; text-decoration: underline;\">Lire aussi : <a href=\"https:\/\/micdoodle8.com\/fr\/minecraft-pe-1-17-2-apk\/\" style=\"color: #00008B; text-decoration: underline;\">Minecraft PE 1.17.2 APK<\/a><\/div><\/p>\n<h3>Responsabilit\u00e9 de l'utilisateur<\/h3>\n<p>Vous acceptez que tout contenu t\u00e9l\u00e9charg\u00e9 ou utilis\u00e9 \u00e0 partir du site Web le soit \u00e0 vos propres risques. Il est de votre devoir de v\u00e9rifier que votre appareil, votre logiciel et les versions du jeu auxquelles vous jouez sont compatibles avec le contenu que vous t\u00e9l\u00e9chargez. Nous vous conseillons vivement de sauvegarder vos sauvegardes, fichiers et configurations Minecraft avant d'installer un nouveau contenu afin de r\u00e9duire le risque de <a href=\"https:\/\/micdoodle8.com\/fr\/how-to-add-data-packs-to-minecraft\/\">donn\u00e9es<\/a> la perte ou la corruption.<\/p>\n<h3>Liens externes<\/h3>\n<p>Le site web peut comporter des liens vers d'autres sites non exploit\u00e9s par Micdoodle8.com. Nous ne contr\u00f4lons pas le contenu ou les politiques de ces sites externes et ne pouvons nous porter garants de leur s\u00e9curit\u00e9 ou de leur exactitude. L'utilisation de ces liens se fait \u00e0 vos propres risques et nous recommandons aux utilisateurs de se familiariser avec les politiques de confidentialit\u00e9 et les clauses de non-responsabilit\u00e9 de tous les sites externes qu'ils visitent.<\/p>\n<h3>Limitation de la responsabilit\u00e9<\/h3>\n<p>Micdoodle8.com, ainsi que ses propri\u00e9taires, son personnel et ses partenaires, ne sauraient \u00eatre tenus responsables des dommages directs ou indirects ou des pertes r\u00e9sultant de l'utilisation ou de l'impossibilit\u00e9 d'utiliser tout contenu, toute ressource ou tout mat\u00e9riel disponible sur le site Web.<\/p>\n<h3>Modifications de l'avis de non-responsabilit\u00e9<\/h3>\n<p>Nous nous r\u00e9servons le droit de modifier ou de r\u00e9viser cette clause de non-responsabilit\u00e9 \u00e0 notre discr\u00e9tion et sans notification pr\u00e9alable. En continuant \u00e0 utiliser le site web apr\u00e8s toute modification, vous acceptez la version r\u00e9vis\u00e9e de la clause de non-responsabilit\u00e9. Il vous incombe de consulter r\u00e9guli\u00e8rement la clause de non-responsabilit\u00e9 afin de rester inform\u00e9 de ses conditions.<\/p>\n<p>Si vous avez des questions ou des pr\u00e9occupations concernant la pr\u00e9sente clause de non-responsabilit\u00e9, n'h\u00e9sitez pas \u00e0 nous contacter par l'interm\u00e9diaire des m\u00e9thodes de contact disponibles sur le site web.<\/p>\n<\/header>\n<\/p>","protected":false},"excerpt":{"rendered":"<p>Veuillez prendre le temps de lire attentivement la pr\u00e9sente clause de non-responsabilit\u00e9 avant d'utiliser le site Micdoodle8.com (\"le site web\"). En acc\u00e9dant au site web et en l'utilisant, vous reconnaissez et acceptez les conditions \u00e9nonc\u00e9es dans la pr\u00e9sente clause de non-responsabilit\u00e9. Contenu de tiers Le site Web propose des liens permettant de t\u00e9l\u00e9charger des mods Minecraft, des skins, des packs de ressources, des packs de textures, des cartes et bien plus encore, qui sont fournis et t\u00e9l\u00e9charg\u00e9s [...]<\/p>","protected":false},"author":1,"featured_media":0,"parent":0,"menu_order":0,"comment_status":"closed","ping_status":"closed","template":"","meta":{"footnotes":""},"class_list":["post-266","page","type-page","status-publish","hentry"],"yoast_head":"<!-- This site is optimized with the Yoast SEO plugin v23.5 - https:\/\/yoast.com\/wordpress\/plugins\/seo\/ -->\n<title>Disclaimer - Micdoodle8<\/title>\n<meta name=\"robots\" content=\"index, follow, max-snippet:-1, max-image-preview:large, max-video-preview:-1\" \/>\n<link rel=\"canonical\" href=\"https:\/\/micdoodle8.com\/fr\/disclaimer\/\" \/>\n<meta property=\"og:locale\" content=\"fr_FR\" \/>\n<meta property=\"og:type\" content=\"article\" \/>\n<meta property=\"og:title\" content=\"Disclaimer - Micdoodle8\" \/>\n<meta property=\"og:description\" content=\"Please take the time to carefully review this disclaimer prior to utilizing Micdoodle8.com (&#8220;the Website&#8221;). Accessing and using the Website signifies your acknowledgment and consent to the terms outlined in this disclaimer. Third-Party Content The Website offers links for downloading Minecraft mods, skins, resource packs, texture packs, maps, and more, which are provided and uploaded [&hellip;]\" \/>\n<meta property=\"og:url\" content=\"https:\/\/micdoodle8.com\/fr\/disclaimer\/\" \/>\n<meta property=\"og:site_name\" content=\"Micdoodle8\" \/>\n<meta property=\"article:modified_time\" content=\"2024-02-20T11:18:53+00:00\" \/>\n<meta property=\"og:image\" content=\"https:\/\/micdoodle8.com\/wp-content\/uploads\/2023\/04\/lushcave.png\" \/>\n\t<meta property=\"og:image:width\" content=\"1648\" \/>\n\t<meta property=\"og:image:height\" content=\"736\" \/>\n\t<meta property=\"og:image:type\" content=\"image\/png\" \/>\n<meta name=\"twitter:card\" content=\"summary_large_image\" \/>\n<meta name=\"twitter:label1\" content=\"Dur\u00e9e de lecture estim\u00e9e\" \/>\n\t<meta name=\"twitter:data1\" content=\"2 minutes\" \/>\n<script type=\"application\/ld+json\" class=\"yoast-schema-graph\">{\"@context\":\"https:\/\/schema.org\",\"@graph\":[{\"@type\":\"WebPage\",\"@id\":\"https:\/\/micdoodle8.com\/disclaimer\/\",\"url\":\"https:\/\/micdoodle8.com\/disclaimer\/\",\"name\":\"Disclaimer - Micdoodle8\",\"isPartOf\":{\"@id\":\"https:\/\/micdoodle8.com\/#website\"},\"datePublished\":\"2023-02-25T17:51:51+00:00\",\"dateModified\":\"2024-02-20T11:18:53+00:00\",\"breadcrumb\":{\"@id\":\"https:\/\/micdoodle8.com\/disclaimer\/#breadcrumb\"},\"inLanguage\":\"fr-FR\",\"potentialAction\":[{\"@type\":\"ReadAction\",\"target\":[\"https:\/\/micdoodle8.com\/disclaimer\/\"]}]},{\"@type\":\"BreadcrumbList\",\"@id\":\"https:\/\/micdoodle8.com\/disclaimer\/#breadcrumb\",\"itemListElement\":[{\"@type\":\"ListItem\",\"position\":1,\"name\":\"Home\",\"item\":\"https:\/\/micdoodle8.com\/\"},{\"@type\":\"ListItem\",\"position\":2,\"name\":\"Disclaimer\"}]},{\"@type\":\"WebSite\",\"@id\":\"https:\/\/micdoodle8.com\/#website\",\"url\":\"https:\/\/micdoodle8.com\/\",\"name\":\"Micdoodle8\",\"description\":\"\",\"publisher\":{\"@id\":\"https:\/\/micdoodle8.com\/#organization\"},\"alternateName\":\"Micdoodle8.com\",\"potentialAction\":[{\"@type\":\"SearchAction\",\"target\":{\"@type\":\"EntryPoint\",\"urlTemplate\":\"https:\/\/micdoodle8.com\/?s={search_term_string}\"},\"query-input\":{\"@type\":\"PropertyValueSpecification\",\"valueRequired\":true,\"valueName\":\"search_term_string\"}}],\"inLanguage\":\"fr-FR\"},{\"@type\":\"Organization\",\"@id\":\"https:\/\/micdoodle8.com\/#organization\",\"name\":\"Micdoodle8\",\"alternateName\":\"Micdoodle8.com\",\"url\":\"https:\/\/micdoodle8.com\/\",\"logo\":{\"@type\":\"ImageObject\",\"inLanguage\":\"fr-FR\",\"@id\":\"https:\/\/micdoodle8.com\/#\/schema\/logo\/image\/\",\"url\":\"https:\/\/micdoodle8.com\/wp-content\/uploads\/2023\/02\/micdoodle-favi.jpg\",\"contentUrl\":\"https:\/\/micdoodle8.com\/wp-content\/uploads\/2023\/02\/micdoodle-favi.jpg\",\"width\":475,\"height\":475,\"caption\":\"Micdoodle8\"},\"image\":{\"@id\":\"https:\/\/micdoodle8.com\/#\/schema\/logo\/image\/\"}}]}<\/script>\n<!-- \/ Yoast SEO plugin. -->","yoast_head_json":{"title":"Disclaimer - Micdoodle8","robots":{"index":"index","follow":"follow","max-snippet":"max-snippet:-1","max-image-preview":"max-image-preview:large","max-video-preview":"max-video-preview:-1"},"canonical":"https:\/\/micdoodle8.com\/fr\/disclaimer\/","og_locale":"fr_FR","og_type":"article","og_title":"Disclaimer - Micdoodle8","og_description":"Please take the time to carefully review this disclaimer prior to utilizing Micdoodle8.com (&#8220;the Website&#8221;). Accessing and using the Website signifies your acknowledgment and consent to the terms outlined in this disclaimer. Third-Party Content The Website offers links for downloading Minecraft mods, skins, resource packs, texture packs, maps, and more, which are provided and uploaded [&hellip;]","og_url":"https:\/\/micdoodle8.com\/fr\/disclaimer\/","og_site_name":"Micdoodle8","article_modified_time":"2024-02-20T11:18:53+00:00","og_image":[{"width":1648,"height":736,"url":"https:\/\/micdoodle8.com\/wp-content\/uploads\/2023\/04\/lushcave.png","type":"image\/png"}],"twitter_card":"summary_large_image","twitter_misc":{"Dur\u00e9e de lecture estim\u00e9e":"2 minutes"},"schema":{"@context":"https:\/\/schema.org","@graph":[{"@type":"WebPage","@id":"https:\/\/micdoodle8.com\/disclaimer\/","url":"https:\/\/micdoodle8.com\/disclaimer\/","name":"Disclaimer - Micdoodle8","isPartOf":{"@id":"https:\/\/micdoodle8.com\/#website"},"datePublished":"2023-02-25T17:51:51+00:00","dateModified":"2024-02-20T11:18:53+00:00","breadcrumb":{"@id":"https:\/\/micdoodle8.com\/disclaimer\/#breadcrumb"},"inLanguage":"fr-FR","potentialAction":[{"@type":"ReadAction","target":["https:\/\/micdoodle8.com\/disclaimer\/"]}]},{"@type":"BreadcrumbList","@id":"https:\/\/micdoodle8.com\/disclaimer\/#breadcrumb","itemListElement":[{"@type":"ListItem","position":1,"name":"Home","item":"https:\/\/micdoodle8.com\/"},{"@type":"ListItem","position":2,"name":"Disclaimer"}]},{"@type":"WebSite","@id":"https:\/\/micdoodle8.com\/#website","url":"https:\/\/micdoodle8.com\/","name":"Micdoodle8","description":"","publisher":{"@id":"https:\/\/micdoodle8.com\/#organization"},"alternateName":"Micdoodle8.com","potentialAction":[{"@type":"SearchAction","target":{"@type":"EntryPoint","urlTemplate":"https:\/\/micdoodle8.com\/?s={search_term_string}"},"query-input":{"@type":"PropertyValueSpecification","valueRequired":true,"valueName":"search_term_string"}}],"inLanguage":"fr-FR"},{"@type":"Organization","@id":"https:\/\/micdoodle8.com\/#organization","name":"Micdoodle8","alternateName":"Micdoodle8.com","url":"https:\/\/micdoodle8.com\/","logo":{"@type":"ImageObject","inLanguage":"fr-FR","@id":"https:\/\/micdoodle8.com\/#\/schema\/logo\/image\/","url":"https:\/\/micdoodle8.com\/wp-content\/uploads\/2023\/02\/micdoodle-favi.jpg","contentUrl":"https:\/\/micdoodle8.com\/wp-content\/uploads\/2023\/02\/micdoodle-favi.jpg","width":475,"height":475,"caption":"Micdoodle8"},"image":{"@id":"https:\/\/micdoodle8.com\/#\/schema\/logo\/image\/"}}]}},"_links":{"self":[{"href":"https:\/\/micdoodle8.com\/fr\/wp-json\/wp\/v2\/pages\/266","targetHints":{"allow":["GET"]}}],"collection":[{"href":"https:\/\/micdoodle8.com\/fr\/wp-json\/wp\/v2\/pages"}],"about":[{"href":"https:\/\/micdoodle8.com\/fr\/wp-json\/wp\/v2\/types\/page"}],"author":[{"embeddable":true,"href":"https:\/\/micdoodle8.com\/fr\/wp-json\/wp\/v2\/users\/1"}],"replies":[{"embeddable":true,"href":"https:\/\/micdoodle8.com\/fr\/wp-json\/wp\/v2\/comments?post=266"}],"version-history":[{"count":3,"href":"https:\/\/micdoodle8.com\/fr\/wp-json\/wp\/v2\/pages\/266\/revisions"}],"predecessor-version":[{"id":4488,"href":"https:\/\/micdoodle8.com\/fr\/wp-json\/wp\/v2\/pages\/266\/revisions\/4488"}],"wp:attachment":[{"href":"https:\/\/micdoodle8.com\/fr\/wp-json\/wp\/v2\/media?parent=266"}],"curies":[{"name":"wp","href":"https:\/\/api.w.org\/{rel}","templated":true}]}}