{"id":2996,"date":"2023-07-01T17:43:06","date_gmt":"2023-07-01T21:43:06","guid":{"rendered":"https:\/\/micdoodle8.com\/?page_id=2996"},"modified":"2024-02-20T06:19:56","modified_gmt":"2024-02-20T11:19:56","slug":"dmca","status":"publish","type":"page","link":"https:\/\/micdoodle8.com\/fr\/dmca\/","title":{"rendered":"DMCA"},"content":{"rendered":"<p>Au <a href=\"https:\/\/micdoodle8.com\/fr\/\">Micdoodle8<\/a>.com, nous tenons en haute estime les droits de propri\u00e9t\u00e9 intellectuelle d'autrui et attendons la m\u00eame chose de nos utilisateurs. Conform\u00e9ment au Digital Millennium Copyright Act de 1998 (DMCA), dont le texte int\u00e9gral est disponible sur le site web de l'U.S. Copyright Office \u00e0 l'adresse suivante <a href=\"http:\/\/www.copyright.gov\/legislation\/dmca.pdf\" target=\"_new\" rel=\"noopener\">http:\/\/www.copyright.gov\/legislation\/dmca.pdf<\/a>Nous nous engageons \u00e0 traiter rapidement les all\u00e9gations de violation des droits d'auteur adress\u00e9es \u00e0 notre agent d\u00e9sign\u00e9 pour les droits d'auteur, dont la liste figure ci-dessous.<\/p>\n<p>Si vous poss\u00e9dez des droits d'auteur ou si vous \u00eates autoris\u00e9 \u00e0 agir au nom d'un propri\u00e9taire de droits d'auteur, ou si vous \u00eates autoris\u00e9 \u00e0 agir en vertu d'un droit exclusif en mati\u00e8re de droits d'auteur, veuillez signaler toute violation pr\u00e9sum\u00e9e des droits d'auteur sur ou via Micdoodle8.com en soumettant l'avis de violation pr\u00e9sum\u00e9e DMCA suivant \u00e0 notre agent d\u00e9sign\u00e9 en mati\u00e8re de droits d'auteur. D\u00e8s r\u00e9ception de l'avis tel que d\u00e9crit ci-dessous, nous prendrons les mesures que nous jugerons n\u00e9cessaires \u00e0 notre seule discr\u00e9tion, y compris le retrait potentiel du contenu contest\u00e9 de notre site web.<div class=\"related-post-title\" style=\"color: #00008B; text-decoration: underline;\">Lire aussi : <a href=\"https:\/\/micdoodle8.com\/fr\/bowser\/\" style=\"color: #00008B; text-decoration: underline;\">Bowser<\/a><\/div><\/p>\n<h3>Avis DMCA d'infraction pr\u00e9sum\u00e9e (\"avis\")<\/h3>\n<ol>\n<li>Identifiez clairement l'\u0153uvre prot\u00e9g\u00e9e dont vous pr\u00e9tendez qu'elle a \u00e9t\u00e9 viol\u00e9e ou, si plusieurs \u0153uvres sont revendiqu\u00e9es, fournissez une liste repr\u00e9sentative des \u0153uvres dont vous pr\u00e9tendez qu'elles ont \u00e9t\u00e9 viol\u00e9es.<\/li>\n<li>Pr\u00e9cisez le contenu ou le lien que vous estimez \u00eatre une contrefa\u00e7on (ou l'objet d'une activit\u00e9 de contrefa\u00e7on) et dont l'acc\u00e8s doit \u00eatre d\u00e9sactiv\u00e9, y compris, au minimum, l'URL du lien affich\u00e9 sur notre site ou l'emplacement exact o\u00f9 ce contenu peut \u00eatre trouv\u00e9.<\/li>\n<li>Indiquez l'affiliation de votre entreprise (le cas \u00e9ch\u00e9ant), votre adresse postale, votre num\u00e9ro de t\u00e9l\u00e9phone et, le cas \u00e9ch\u00e9ant, votre adresse \u00e9lectronique.<\/li>\n<li>Inclure les deux d\u00e9clarations suivantes dans le corps de l'avis :\n<ul>\n<li>\"Je d\u00e9clare par la pr\u00e9sente que je crois de bonne foi que l'utilisation contest\u00e9e du mat\u00e9riel prot\u00e9g\u00e9 par le droit d'auteur n'est pas autoris\u00e9e par le titulaire du droit d'auteur, son agent ou la loi (par exemple, en tant qu'utilisation \u00e9quitable)\".<\/li>\n<li>\"Je d\u00e9clare par la pr\u00e9sente que les informations contenues dans le pr\u00e9sent avis sont exactes et, sous peine de parjure, que je suis le titulaire du droit d'auteur ou que je suis autoris\u00e9 \u00e0 agir au nom du titulaire du droit d'auteur ou d'un droit exclusif en vertu du droit d'auteur pr\u00e9tendument enfreint\".<\/li>\n<\/ul>\n<\/li>\n<li>Indiquez votre nom l\u00e9gal complet et votre signature \u00e9lectronique ou physique.<\/li>\n<\/ol>\n<p>Pour faciliter ce processus, nous avons cr\u00e9\u00e9 un formulaire de notification DMCA que vous pouvez remplir et nous envoyer directement.<\/p>\n<p>Sachez que vous pouvez \u00eatre tenu responsable des dommages (y compris les co\u00fbts et les frais d'avocat) si vous faites de fausses d\u00e9clarations ou des d\u00e9clarations de mauvaise foi concernant la violation de vos droits d'auteur par tout contenu trouv\u00e9 sur ou par l'interm\u00e9diaire de notre service.<\/p>\n<\/p>","protected":false},"excerpt":{"rendered":"<p>Chez Micdoodle8.com, nous tenons en haute estime les droits de propri\u00e9t\u00e9 intellectuelle d'autrui et attendons la m\u00eame chose de nos utilisateurs. Conform\u00e9ment au Digital Millennium Copyright Act de 1998 (DMCA), dont le texte int\u00e9gral est disponible sur le site web de l'U.S. Copyright Office \u00e0 l'adresse http:\/\/www.copyright.gov\/legislation\/dmca.pdf, nous nous engageons \u00e0 traiter rapidement les all\u00e9gations de violation des droits d'auteur adress\u00e9es \u00e0 [...]<\/p>","protected":false},"author":1,"featured_media":0,"parent":0,"menu_order":0,"comment_status":"closed","ping_status":"closed","template":"","meta":{"footnotes":""},"class_list":["post-2996","page","type-page","status-publish","hentry"],"yoast_head":"<!-- This site is optimized with the Yoast SEO plugin v23.5 - https:\/\/yoast.com\/wordpress\/plugins\/seo\/ -->\n<title>DMCA - Micdoodle8<\/title>\n<meta name=\"robots\" content=\"index, follow, max-snippet:-1, max-image-preview:large, max-video-preview:-1\" \/>\n<link rel=\"canonical\" href=\"https:\/\/micdoodle8.com\/fr\/dmca\/\" \/>\n<meta property=\"og:locale\" content=\"fr_FR\" \/>\n<meta property=\"og:type\" content=\"article\" \/>\n<meta property=\"og:title\" content=\"DMCA - Micdoodle8\" \/>\n<meta property=\"og:description\" content=\"At Micdoodle8.com, we hold the intellectual property rights of others in high regard and expect the same from our users. In line with the Digital Millennium Copyright Act of 1998 (DMCA), whose full text is available on the U.S. Copyright Office website at http:\/\/www.copyright.gov\/legislation\/dmca.pdf, we commit to swiftly addressing allegations of copyright infringement directed to [&hellip;]\" \/>\n<meta property=\"og:url\" content=\"https:\/\/micdoodle8.com\/fr\/dmca\/\" \/>\n<meta property=\"og:site_name\" content=\"Micdoodle8\" \/>\n<meta property=\"article:modified_time\" content=\"2024-02-20T11:19:56+00:00\" \/>\n<meta property=\"og:image\" content=\"https:\/\/micdoodle8.com\/wp-content\/uploads\/2023\/04\/lushcave.png\" \/>\n\t<meta property=\"og:image:width\" content=\"1648\" \/>\n\t<meta property=\"og:image:height\" content=\"736\" \/>\n\t<meta property=\"og:image:type\" content=\"image\/png\" \/>\n<meta name=\"twitter:card\" content=\"summary_large_image\" \/>\n<meta name=\"twitter:label1\" content=\"Dur\u00e9e de lecture estim\u00e9e\" \/>\n\t<meta name=\"twitter:data1\" content=\"2 minutes\" \/>\n<script type=\"application\/ld+json\" class=\"yoast-schema-graph\">{\"@context\":\"https:\/\/schema.org\",\"@graph\":[{\"@type\":\"WebPage\",\"@id\":\"https:\/\/micdoodle8.com\/fr\/dmca\/\",\"url\":\"https:\/\/micdoodle8.com\/fr\/dmca\/\",\"name\":\"DMCA - Micdoodle8\",\"isPartOf\":{\"@id\":\"https:\/\/micdoodle8.com\/#website\"},\"datePublished\":\"2023-07-01T21:43:06+00:00\",\"dateModified\":\"2024-02-20T11:19:56+00:00\",\"breadcrumb\":{\"@id\":\"https:\/\/micdoodle8.com\/fr\/dmca\/#breadcrumb\"},\"inLanguage\":\"fr-FR\",\"potentialAction\":[{\"@type\":\"ReadAction\",\"target\":[\"https:\/\/micdoodle8.com\/fr\/dmca\/\"]}]},{\"@type\":\"BreadcrumbList\",\"@id\":\"https:\/\/micdoodle8.com\/fr\/dmca\/#breadcrumb\",\"itemListElement\":[{\"@type\":\"ListItem\",\"position\":1,\"name\":\"Home\",\"item\":\"https:\/\/micdoodle8.com\/\"},{\"@type\":\"ListItem\",\"position\":2,\"name\":\"DMCA\"}]},{\"@type\":\"WebSite\",\"@id\":\"https:\/\/micdoodle8.com\/#website\",\"url\":\"https:\/\/micdoodle8.com\/\",\"name\":\"Micdoodle8\",\"description\":\"\",\"publisher\":{\"@id\":\"https:\/\/micdoodle8.com\/#organization\"},\"alternateName\":\"Micdoodle8.com\",\"potentialAction\":[{\"@type\":\"SearchAction\",\"target\":{\"@type\":\"EntryPoint\",\"urlTemplate\":\"https:\/\/micdoodle8.com\/?s={search_term_string}\"},\"query-input\":{\"@type\":\"PropertyValueSpecification\",\"valueRequired\":true,\"valueName\":\"search_term_string\"}}],\"inLanguage\":\"fr-FR\"},{\"@type\":\"Organization\",\"@id\":\"https:\/\/micdoodle8.com\/#organization\",\"name\":\"Micdoodle8\",\"alternateName\":\"Micdoodle8.com\",\"url\":\"https:\/\/micdoodle8.com\/\",\"logo\":{\"@type\":\"ImageObject\",\"inLanguage\":\"fr-FR\",\"@id\":\"https:\/\/micdoodle8.com\/#\/schema\/logo\/image\/\",\"url\":\"https:\/\/micdoodle8.com\/wp-content\/uploads\/2023\/02\/micdoodle-favi.jpg\",\"contentUrl\":\"https:\/\/micdoodle8.com\/wp-content\/uploads\/2023\/02\/micdoodle-favi.jpg\",\"width\":475,\"height\":475,\"caption\":\"Micdoodle8\"},\"image\":{\"@id\":\"https:\/\/micdoodle8.com\/#\/schema\/logo\/image\/\"}}]}<\/script>\n<!-- \/ Yoast SEO plugin. -->","yoast_head_json":{"title":"DMCA - Micdoodle8","robots":{"index":"index","follow":"follow","max-snippet":"max-snippet:-1","max-image-preview":"max-image-preview:large","max-video-preview":"max-video-preview:-1"},"canonical":"https:\/\/micdoodle8.com\/fr\/dmca\/","og_locale":"fr_FR","og_type":"article","og_title":"DMCA - Micdoodle8","og_description":"At Micdoodle8.com, we hold the intellectual property rights of others in high regard and expect the same from our users. In line with the Digital Millennium Copyright Act of 1998 (DMCA), whose full text is available on the U.S. Copyright Office website at http:\/\/www.copyright.gov\/legislation\/dmca.pdf, we commit to swiftly addressing allegations of copyright infringement directed to [&hellip;]","og_url":"https:\/\/micdoodle8.com\/fr\/dmca\/","og_site_name":"Micdoodle8","article_modified_time":"2024-02-20T11:19:56+00:00","og_image":[{"width":1648,"height":736,"url":"https:\/\/micdoodle8.com\/wp-content\/uploads\/2023\/04\/lushcave.png","type":"image\/png"}],"twitter_card":"summary_large_image","twitter_misc":{"Dur\u00e9e de lecture estim\u00e9e":"2 minutes"},"schema":{"@context":"https:\/\/schema.org","@graph":[{"@type":"WebPage","@id":"https:\/\/micdoodle8.com\/fr\/dmca\/","url":"https:\/\/micdoodle8.com\/fr\/dmca\/","name":"DMCA - Micdoodle8","isPartOf":{"@id":"https:\/\/micdoodle8.com\/#website"},"datePublished":"2023-07-01T21:43:06+00:00","dateModified":"2024-02-20T11:19:56+00:00","breadcrumb":{"@id":"https:\/\/micdoodle8.com\/fr\/dmca\/#breadcrumb"},"inLanguage":"fr-FR","potentialAction":[{"@type":"ReadAction","target":["https:\/\/micdoodle8.com\/fr\/dmca\/"]}]},{"@type":"BreadcrumbList","@id":"https:\/\/micdoodle8.com\/fr\/dmca\/#breadcrumb","itemListElement":[{"@type":"ListItem","position":1,"name":"Home","item":"https:\/\/micdoodle8.com\/"},{"@type":"ListItem","position":2,"name":"DMCA"}]},{"@type":"WebSite","@id":"https:\/\/micdoodle8.com\/#website","url":"https:\/\/micdoodle8.com\/","name":"Micdoodle8","description":"","publisher":{"@id":"https:\/\/micdoodle8.com\/#organization"},"alternateName":"Micdoodle8.com","potentialAction":[{"@type":"SearchAction","target":{"@type":"EntryPoint","urlTemplate":"https:\/\/micdoodle8.com\/?s={search_term_string}"},"query-input":{"@type":"PropertyValueSpecification","valueRequired":true,"valueName":"search_term_string"}}],"inLanguage":"fr-FR"},{"@type":"Organization","@id":"https:\/\/micdoodle8.com\/#organization","name":"Micdoodle8","alternateName":"Micdoodle8.com","url":"https:\/\/micdoodle8.com\/","logo":{"@type":"ImageObject","inLanguage":"fr-FR","@id":"https:\/\/micdoodle8.com\/#\/schema\/logo\/image\/","url":"https:\/\/micdoodle8.com\/wp-content\/uploads\/2023\/02\/micdoodle-favi.jpg","contentUrl":"https:\/\/micdoodle8.com\/wp-content\/uploads\/2023\/02\/micdoodle-favi.jpg","width":475,"height":475,"caption":"Micdoodle8"},"image":{"@id":"https:\/\/micdoodle8.com\/#\/schema\/logo\/image\/"}}]}},"_links":{"self":[{"href":"https:\/\/micdoodle8.com\/fr\/wp-json\/wp\/v2\/pages\/2996","targetHints":{"allow":["GET"]}}],"collection":[{"href":"https:\/\/micdoodle8.com\/fr\/wp-json\/wp\/v2\/pages"}],"about":[{"href":"https:\/\/micdoodle8.com\/fr\/wp-json\/wp\/v2\/types\/page"}],"author":[{"embeddable":true,"href":"https:\/\/micdoodle8.com\/fr\/wp-json\/wp\/v2\/users\/1"}],"replies":[{"embeddable":true,"href":"https:\/\/micdoodle8.com\/fr\/wp-json\/wp\/v2\/comments?post=2996"}],"version-history":[{"count":3,"href":"https:\/\/micdoodle8.com\/fr\/wp-json\/wp\/v2\/pages\/2996\/revisions"}],"predecessor-version":[{"id":4490,"href":"https:\/\/micdoodle8.com\/fr\/wp-json\/wp\/v2\/pages\/2996\/revisions\/4490"}],"wp:attachment":[{"href":"https:\/\/micdoodle8.com\/fr\/wp-json\/wp\/v2\/media?parent=2996"}],"curies":[{"name":"wp","href":"https:\/\/api.w.org\/{rel}","templated":true}]}}