{"id":3003,"date":"2023-07-01T17:53:30","date_gmt":"2023-07-01T21:53:30","guid":{"rendered":"https:\/\/micdoodle8.com\/?page_id=3003"},"modified":"2024-02-20T06:17:56","modified_gmt":"2024-02-20T11:17:56","slug":"advertise","status":"publish","type":"page","link":"https:\/\/micdoodle8.com\/fr\/advertise\/","title":{"rendered":"Faire de la publicit\u00e9"},"content":{"rendered":"<p>Bienvenue sur la page de demande de publicit\u00e9 de <a href=\"https:\/\/micdoodle8.com\/fr\/\">Micdoodle8<\/a>.com. Nous sommes ravis d'apprendre que vous souhaitez entrer en contact avec notre communaut\u00e9 engag\u00e9e et passionn\u00e9e. Nous ne travaillons qu'avec des agences de publicit\u00e9 et des plateformes r\u00e9put\u00e9es pour garantir \u00e0 notre public des annonces du plus haut niveau et de la plus grande pertinence.Pour entamer des discussions sur les possibilit\u00e9s de publicit\u00e9, veuillez remplir le formulaire ci-dessous. En soumettant ce formulaire, vous affirmez que les d\u00e9tails fournis sont corrects et que vous avez le pouvoir d'agir au nom de l'entreprise mentionn\u00e9e.<\/p>\n<p>Il est important de comprendre que le fait de remplir ce formulaire ne garantit pas automatiquement un espace publicitaire sur Micdoodle8.com. Nous \u00e9valuons rigoureusement tous les contenus publicitaires afin de nous assurer qu'ils r\u00e9pondent \u00e0 nos normes de qualit\u00e9 et qu'ils correspondent aux int\u00e9r\u00eats de notre communaut\u00e9.<div class=\"related-post-title\" style=\"color: #00008B; text-decoration: underline;\">Lire aussi : <a href=\"https:\/\/micdoodle8.com\/fr\/minecraft-pe-1-10-0-apk\/\" style=\"color: #00008B; text-decoration: underline;\">Minecraft PE 1.10.0 APK<\/a><\/div><\/p>\n<p>Nous sommes impatients d'examiner votre proposition et nous appr\u00e9cions votre int\u00e9r\u00eat \u00e0 former un partenariat avec Micdoodle8.com !<\/p>\n<\/p>","protected":false},"excerpt":{"rendered":"<p>Bienvenue sur la page de demande de publicit\u00e9 de Micdoodle8.com. Nous sommes ravis d'apprendre que vous souhaitez entrer en contact avec notre communaut\u00e9 engag\u00e9e et passionn\u00e9e. Nous ne travaillons qu'avec des agences de publicit\u00e9 et des plateformes r\u00e9put\u00e9es afin de garantir que notre public se voit pr\u00e9senter des publicit\u00e9s du plus haut niveau et de la plus grande pertinence.Pour entamer des discussions sur les possibilit\u00e9s de publicit\u00e9, veuillez remplir le [...]<\/p>","protected":false},"author":1,"featured_media":0,"parent":0,"menu_order":0,"comment_status":"closed","ping_status":"closed","template":"","meta":{"footnotes":""},"class_list":["post-3003","page","type-page","status-publish","hentry"],"yoast_head":"<!-- This site is optimized with the Yoast SEO plugin v23.5 - https:\/\/yoast.com\/wordpress\/plugins\/seo\/ -->\n<title>Advertise - Micdoodle8<\/title>\n<meta name=\"robots\" content=\"index, follow, max-snippet:-1, max-image-preview:large, max-video-preview:-1\" \/>\n<link rel=\"canonical\" href=\"https:\/\/micdoodle8.com\/fr\/advertise\/\" \/>\n<meta property=\"og:locale\" content=\"fr_FR\" \/>\n<meta property=\"og:type\" content=\"article\" \/>\n<meta property=\"og:title\" content=\"Advertise - Micdoodle8\" \/>\n<meta property=\"og:description\" content=\"Welcome to the Advertising Inquiry Page of Micdoodle8.com. We&#8217;re thrilled to learn about your interest in connecting with our engaged and passionate community. We partner solely with esteemed advertising agencies and platforms to guarantee that our audience is presented with ads of the highest caliber and relevance.To initiate discussions regarding advertising possibilities, please complete the [&hellip;]\" \/>\n<meta property=\"og:url\" content=\"https:\/\/micdoodle8.com\/fr\/advertise\/\" \/>\n<meta property=\"og:site_name\" content=\"Micdoodle8\" \/>\n<meta property=\"article:modified_time\" content=\"2024-02-20T11:17:56+00:00\" \/>\n<meta property=\"og:image\" content=\"https:\/\/micdoodle8.com\/wp-content\/uploads\/2023\/04\/lushcave.png\" \/>\n\t<meta property=\"og:image:width\" content=\"1648\" \/>\n\t<meta property=\"og:image:height\" content=\"736\" \/>\n\t<meta property=\"og:image:type\" content=\"image\/png\" \/>\n<meta name=\"twitter:card\" content=\"summary_large_image\" \/>\n<meta name=\"twitter:label1\" content=\"Dur\u00e9e de lecture estim\u00e9e\" \/>\n\t<meta name=\"twitter:data1\" content=\"1 minute\" \/>\n<script type=\"application\/ld+json\" class=\"yoast-schema-graph\">{\"@context\":\"https:\/\/schema.org\",\"@graph\":[{\"@type\":\"WebPage\",\"@id\":\"https:\/\/micdoodle8.com\/advertise\/\",\"url\":\"https:\/\/micdoodle8.com\/advertise\/\",\"name\":\"Advertise - Micdoodle8\",\"isPartOf\":{\"@id\":\"https:\/\/micdoodle8.com\/#website\"},\"datePublished\":\"2023-07-01T21:53:30+00:00\",\"dateModified\":\"2024-02-20T11:17:56+00:00\",\"breadcrumb\":{\"@id\":\"https:\/\/micdoodle8.com\/advertise\/#breadcrumb\"},\"inLanguage\":\"fr-FR\",\"potentialAction\":[{\"@type\":\"ReadAction\",\"target\":[\"https:\/\/micdoodle8.com\/advertise\/\"]}]},{\"@type\":\"BreadcrumbList\",\"@id\":\"https:\/\/micdoodle8.com\/advertise\/#breadcrumb\",\"itemListElement\":[{\"@type\":\"ListItem\",\"position\":1,\"name\":\"Home\",\"item\":\"https:\/\/micdoodle8.com\/\"},{\"@type\":\"ListItem\",\"position\":2,\"name\":\"Advertise\"}]},{\"@type\":\"WebSite\",\"@id\":\"https:\/\/micdoodle8.com\/#website\",\"url\":\"https:\/\/micdoodle8.com\/\",\"name\":\"Micdoodle8\",\"description\":\"\",\"publisher\":{\"@id\":\"https:\/\/micdoodle8.com\/#organization\"},\"alternateName\":\"Micdoodle8.com\",\"potentialAction\":[{\"@type\":\"SearchAction\",\"target\":{\"@type\":\"EntryPoint\",\"urlTemplate\":\"https:\/\/micdoodle8.com\/?s={search_term_string}\"},\"query-input\":{\"@type\":\"PropertyValueSpecification\",\"valueRequired\":true,\"valueName\":\"search_term_string\"}}],\"inLanguage\":\"fr-FR\"},{\"@type\":\"Organization\",\"@id\":\"https:\/\/micdoodle8.com\/#organization\",\"name\":\"Micdoodle8\",\"alternateName\":\"Micdoodle8.com\",\"url\":\"https:\/\/micdoodle8.com\/\",\"logo\":{\"@type\":\"ImageObject\",\"inLanguage\":\"fr-FR\",\"@id\":\"https:\/\/micdoodle8.com\/#\/schema\/logo\/image\/\",\"url\":\"https:\/\/micdoodle8.com\/wp-content\/uploads\/2023\/02\/micdoodle-favi.jpg\",\"contentUrl\":\"https:\/\/micdoodle8.com\/wp-content\/uploads\/2023\/02\/micdoodle-favi.jpg\",\"width\":475,\"height\":475,\"caption\":\"Micdoodle8\"},\"image\":{\"@id\":\"https:\/\/micdoodle8.com\/#\/schema\/logo\/image\/\"}}]}<\/script>\n<!-- \/ Yoast SEO plugin. -->","yoast_head_json":{"title":"Advertise - Micdoodle8","robots":{"index":"index","follow":"follow","max-snippet":"max-snippet:-1","max-image-preview":"max-image-preview:large","max-video-preview":"max-video-preview:-1"},"canonical":"https:\/\/micdoodle8.com\/fr\/advertise\/","og_locale":"fr_FR","og_type":"article","og_title":"Advertise - Micdoodle8","og_description":"Welcome to the Advertising Inquiry Page of Micdoodle8.com. We&#8217;re thrilled to learn about your interest in connecting with our engaged and passionate community. We partner solely with esteemed advertising agencies and platforms to guarantee that our audience is presented with ads of the highest caliber and relevance.To initiate discussions regarding advertising possibilities, please complete the [&hellip;]","og_url":"https:\/\/micdoodle8.com\/fr\/advertise\/","og_site_name":"Micdoodle8","article_modified_time":"2024-02-20T11:17:56+00:00","og_image":[{"width":1648,"height":736,"url":"https:\/\/micdoodle8.com\/wp-content\/uploads\/2023\/04\/lushcave.png","type":"image\/png"}],"twitter_card":"summary_large_image","twitter_misc":{"Dur\u00e9e de lecture estim\u00e9e":"1 minute"},"schema":{"@context":"https:\/\/schema.org","@graph":[{"@type":"WebPage","@id":"https:\/\/micdoodle8.com\/advertise\/","url":"https:\/\/micdoodle8.com\/advertise\/","name":"Advertise - Micdoodle8","isPartOf":{"@id":"https:\/\/micdoodle8.com\/#website"},"datePublished":"2023-07-01T21:53:30+00:00","dateModified":"2024-02-20T11:17:56+00:00","breadcrumb":{"@id":"https:\/\/micdoodle8.com\/advertise\/#breadcrumb"},"inLanguage":"fr-FR","potentialAction":[{"@type":"ReadAction","target":["https:\/\/micdoodle8.com\/advertise\/"]}]},{"@type":"BreadcrumbList","@id":"https:\/\/micdoodle8.com\/advertise\/#breadcrumb","itemListElement":[{"@type":"ListItem","position":1,"name":"Home","item":"https:\/\/micdoodle8.com\/"},{"@type":"ListItem","position":2,"name":"Advertise"}]},{"@type":"WebSite","@id":"https:\/\/micdoodle8.com\/#website","url":"https:\/\/micdoodle8.com\/","name":"Micdoodle8","description":"","publisher":{"@id":"https:\/\/micdoodle8.com\/#organization"},"alternateName":"Micdoodle8.com","potentialAction":[{"@type":"SearchAction","target":{"@type":"EntryPoint","urlTemplate":"https:\/\/micdoodle8.com\/?s={search_term_string}"},"query-input":{"@type":"PropertyValueSpecification","valueRequired":true,"valueName":"search_term_string"}}],"inLanguage":"fr-FR"},{"@type":"Organization","@id":"https:\/\/micdoodle8.com\/#organization","name":"Micdoodle8","alternateName":"Micdoodle8.com","url":"https:\/\/micdoodle8.com\/","logo":{"@type":"ImageObject","inLanguage":"fr-FR","@id":"https:\/\/micdoodle8.com\/#\/schema\/logo\/image\/","url":"https:\/\/micdoodle8.com\/wp-content\/uploads\/2023\/02\/micdoodle-favi.jpg","contentUrl":"https:\/\/micdoodle8.com\/wp-content\/uploads\/2023\/02\/micdoodle-favi.jpg","width":475,"height":475,"caption":"Micdoodle8"},"image":{"@id":"https:\/\/micdoodle8.com\/#\/schema\/logo\/image\/"}}]}},"_links":{"self":[{"href":"https:\/\/micdoodle8.com\/fr\/wp-json\/wp\/v2\/pages\/3003","targetHints":{"allow":["GET"]}}],"collection":[{"href":"https:\/\/micdoodle8.com\/fr\/wp-json\/wp\/v2\/pages"}],"about":[{"href":"https:\/\/micdoodle8.com\/fr\/wp-json\/wp\/v2\/types\/page"}],"author":[{"embeddable":true,"href":"https:\/\/micdoodle8.com\/fr\/wp-json\/wp\/v2\/users\/1"}],"replies":[{"embeddable":true,"href":"https:\/\/micdoodle8.com\/fr\/wp-json\/wp\/v2\/comments?post=3003"}],"version-history":[{"count":3,"href":"https:\/\/micdoodle8.com\/fr\/wp-json\/wp\/v2\/pages\/3003\/revisions"}],"predecessor-version":[{"id":4487,"href":"https:\/\/micdoodle8.com\/fr\/wp-json\/wp\/v2\/pages\/3003\/revisions\/4487"}],"wp:attachment":[{"href":"https:\/\/micdoodle8.com\/fr\/wp-json\/wp\/v2\/media?parent=3003"}],"curies":[{"name":"wp","href":"https:\/\/api.w.org\/{rel}","templated":true}]}}