{"id":266,"date":"2023-02-25T12:51:51","date_gmt":"2023-02-25T17:51:51","guid":{"rendered":"https:\/\/micdoodle8.com\/?page_id=266"},"modified":"2024-02-20T06:18:53","modified_gmt":"2024-02-20T11:18:53","slug":"disclaimer","status":"publish","type":"page","link":"https:\/\/micdoodle8.com\/pt\/disclaimer\/","title":{"rendered":"Isen\u00e7\u00e3o de responsabilidade"},"content":{"rendered":"<header>Leia atentamente esta isen\u00e7\u00e3o de responsabilidade antes de utilizar o <a href=\"https:\/\/micdoodle8.com\/pt\/\">Micdoodle8<\/a>.com (\"o Site\"). O acesso e o uso do Site significam seu reconhecimento e consentimento com os termos descritos nesta isen\u00e7\u00e3o de responsabilidade.<\/p>\n<h3>Conte\u00fado de terceiros<\/h3>\n<p>O site oferece links para download <a href=\"https:\/\/micdoodle8.com\/pt\/minecraft-pe-1-20-40-apk\/\">Minecraft<\/a> mods, <a href=\"https:\/\/micdoodle8.com\/pt\/adding-custom-skins-to-minecraft\/\">peles<\/a>, pacotes de recursos, <a href=\"https:\/\/micdoodle8.com\/pt\/how-to-add-texture-packs-to-minecraft\/\">textura<\/a> pacotes, <a href=\"https:\/\/micdoodle8.com\/pt\/how-to-install-minecraft-maps\/\">mapas<\/a>e outros, que s\u00e3o fornecidos e carregados por terceiros. Embora nosso objetivo seja apresentar conte\u00fado de alta qualidade e seguro, n\u00e3o podemos garantir a precis\u00e3o, a seguran\u00e7a ou a adequa\u00e7\u00e3o desses materiais. N\u00e3o produzimos, avaliamos ou supervisionamos a manuten\u00e7\u00e3o desse conte\u00fado e, portanto, n\u00e3o podemos ser responsabilizados por quaisquer problemas ou danos que possam resultar da utiliza\u00e7\u00e3o desse conte\u00fado.<div class=\"related-post-title\" style=\"color: #00008B; text-decoration: underline;\">Leia tamb\u00e9m: <a href=\"https:\/\/micdoodle8.com\/pt\/minecraft-pe-1-20-32-apk\/\" style=\"color: #00008B; text-decoration: underline;\">Minecraft PE 1.20.32 APK<\/a><\/div><\/p>\n<h3>Responsabilidade do usu\u00e1rio<\/h3>\n<p>Voc\u00ea aceita que qualquer conte\u00fado baixado ou usado do Site \u00e9 feito por sua conta e risco. \u00c9 seu dever verificar se o seu dispositivo, software e as vers\u00f5es do jogo que voc\u00ea joga s\u00e3o compat\u00edveis com o conte\u00fado baixado. \u00c9 altamente recomend\u00e1vel fazer backup de seus salvamentos, arquivos e configura\u00e7\u00f5es do Minecraft antes de instalar novos conte\u00fados para reduzir o risco de <a href=\"https:\/\/micdoodle8.com\/pt\/how-to-add-data-packs-to-minecraft\/\">dados<\/a> perda ou corrup\u00e7\u00e3o.<\/p>\n<h3>Links externos<\/h3>\n<p>O Site pode conter links para outros sites n\u00e3o operados pelo Micdoodle8.com. N\u00e3o controlamos o conte\u00fado ou as pol\u00edticas desses sites externos e n\u00e3o podemos garantir sua seguran\u00e7a ou corre\u00e7\u00e3o. O envolvimento com esses links \u00e9 feito por sua pr\u00f3pria conta e risco, e recomendamos que os usu\u00e1rios se familiarizem com as pol\u00edticas de privacidade e as isen\u00e7\u00f5es de responsabilidade de todos os sites externos que visitarem.<\/p>\n<h3>Limita\u00e7\u00e3o de responsabilidade<\/h3>\n<p>O Micdoodle8.com, juntamente com seus propriet\u00e1rios, funcion\u00e1rios e parceiros, n\u00e3o se responsabiliza por quaisquer danos diretos ou indiretos ou perdas decorrentes do uso ou da incapacidade de usar qualquer conte\u00fado, recursos ou materiais dispon\u00edveis no Site.<\/p>\n<h3>Altera\u00e7\u00f5es no aviso de isen\u00e7\u00e3o de responsabilidade<\/h3>\n<p>Reservamo-nos o direito de alterar ou revisar esta isen\u00e7\u00e3o de responsabilidade a nosso crit\u00e9rio e sem notifica\u00e7\u00e3o pr\u00e9via. O uso continuado do site ap\u00f3s qualquer ajuste significa sua aceita\u00e7\u00e3o do aviso de isen\u00e7\u00e3o de responsabilidade revisado. \u00c9 sua responsabilidade revisar regularmente o aviso de isen\u00e7\u00e3o de responsabilidade para manter-se informado sobre seus termos.<\/p>\n<p>Caso tenha alguma d\u00favida ou preocupa\u00e7\u00e3o com rela\u00e7\u00e3o a esta isen\u00e7\u00e3o de responsabilidade, n\u00e3o hesite em entrar em contato conosco por meio dos m\u00e9todos de contato dispon\u00edveis no Site.<\/p>\n<\/header>\n<\/p>","protected":false},"excerpt":{"rendered":"<p>Leia atentamente esta isen\u00e7\u00e3o de responsabilidade antes de utilizar o Micdoodle8.com (\"o Site\"). O acesso e o uso do Site significam o seu reconhecimento e consentimento com os termos descritos nesta isen\u00e7\u00e3o de responsabilidade. Conte\u00fado de terceiros O Site oferece links para download de mods do Minecraft, skins, pacotes de recursos, pacotes de textura, mapas e outros, que s\u00e3o fornecidos e carregados [...]<\/p>","protected":false},"author":1,"featured_media":0,"parent":0,"menu_order":0,"comment_status":"closed","ping_status":"closed","template":"","meta":{"footnotes":""},"class_list":["post-266","page","type-page","status-publish","hentry"],"yoast_head":"<!-- This site is optimized with the Yoast SEO plugin v23.5 - https:\/\/yoast.com\/wordpress\/plugins\/seo\/ -->\n<title>Disclaimer - Micdoodle8<\/title>\n<meta name=\"robots\" content=\"index, follow, max-snippet:-1, max-image-preview:large, max-video-preview:-1\" \/>\n<link rel=\"canonical\" href=\"https:\/\/micdoodle8.com\/pt\/disclaimer\/\" \/>\n<meta property=\"og:locale\" content=\"pt_BR\" \/>\n<meta property=\"og:type\" content=\"article\" \/>\n<meta property=\"og:title\" content=\"Disclaimer - Micdoodle8\" \/>\n<meta property=\"og:description\" content=\"Please take the time to carefully review this disclaimer prior to utilizing Micdoodle8.com (&#8220;the Website&#8221;). Accessing and using the Website signifies your acknowledgment and consent to the terms outlined in this disclaimer. Third-Party Content The Website offers links for downloading Minecraft mods, skins, resource packs, texture packs, maps, and more, which are provided and uploaded [&hellip;]\" \/>\n<meta property=\"og:url\" content=\"https:\/\/micdoodle8.com\/pt\/disclaimer\/\" \/>\n<meta property=\"og:site_name\" content=\"Micdoodle8\" \/>\n<meta property=\"article:modified_time\" content=\"2024-02-20T11:18:53+00:00\" \/>\n<meta property=\"og:image\" content=\"https:\/\/micdoodle8.com\/wp-content\/uploads\/2023\/04\/lushcave.png\" \/>\n\t<meta property=\"og:image:width\" content=\"1648\" \/>\n\t<meta property=\"og:image:height\" content=\"736\" \/>\n\t<meta property=\"og:image:type\" content=\"image\/png\" \/>\n<meta name=\"twitter:card\" content=\"summary_large_image\" \/>\n<meta name=\"twitter:label1\" content=\"Est. tempo de leitura\" \/>\n\t<meta name=\"twitter:data1\" content=\"2 minutos\" \/>\n<script type=\"application\/ld+json\" class=\"yoast-schema-graph\">{\"@context\":\"https:\/\/schema.org\",\"@graph\":[{\"@type\":\"WebPage\",\"@id\":\"https:\/\/micdoodle8.com\/disclaimer\/\",\"url\":\"https:\/\/micdoodle8.com\/disclaimer\/\",\"name\":\"Disclaimer - Micdoodle8\",\"isPartOf\":{\"@id\":\"https:\/\/micdoodle8.com\/#website\"},\"datePublished\":\"2023-02-25T17:51:51+00:00\",\"dateModified\":\"2024-02-20T11:18:53+00:00\",\"breadcrumb\":{\"@id\":\"https:\/\/micdoodle8.com\/disclaimer\/#breadcrumb\"},\"inLanguage\":\"pt-BR\",\"potentialAction\":[{\"@type\":\"ReadAction\",\"target\":[\"https:\/\/micdoodle8.com\/disclaimer\/\"]}]},{\"@type\":\"BreadcrumbList\",\"@id\":\"https:\/\/micdoodle8.com\/disclaimer\/#breadcrumb\",\"itemListElement\":[{\"@type\":\"ListItem\",\"position\":1,\"name\":\"Home\",\"item\":\"https:\/\/micdoodle8.com\/\"},{\"@type\":\"ListItem\",\"position\":2,\"name\":\"Disclaimer\"}]},{\"@type\":\"WebSite\",\"@id\":\"https:\/\/micdoodle8.com\/#website\",\"url\":\"https:\/\/micdoodle8.com\/\",\"name\":\"Micdoodle8\",\"description\":\"\",\"publisher\":{\"@id\":\"https:\/\/micdoodle8.com\/#organization\"},\"alternateName\":\"Micdoodle8.com\",\"potentialAction\":[{\"@type\":\"SearchAction\",\"target\":{\"@type\":\"EntryPoint\",\"urlTemplate\":\"https:\/\/micdoodle8.com\/?s={search_term_string}\"},\"query-input\":{\"@type\":\"PropertyValueSpecification\",\"valueRequired\":true,\"valueName\":\"search_term_string\"}}],\"inLanguage\":\"pt-BR\"},{\"@type\":\"Organization\",\"@id\":\"https:\/\/micdoodle8.com\/#organization\",\"name\":\"Micdoodle8\",\"alternateName\":\"Micdoodle8.com\",\"url\":\"https:\/\/micdoodle8.com\/\",\"logo\":{\"@type\":\"ImageObject\",\"inLanguage\":\"pt-BR\",\"@id\":\"https:\/\/micdoodle8.com\/#\/schema\/logo\/image\/\",\"url\":\"https:\/\/micdoodle8.com\/wp-content\/uploads\/2023\/02\/micdoodle-favi.jpg\",\"contentUrl\":\"https:\/\/micdoodle8.com\/wp-content\/uploads\/2023\/02\/micdoodle-favi.jpg\",\"width\":475,\"height\":475,\"caption\":\"Micdoodle8\"},\"image\":{\"@id\":\"https:\/\/micdoodle8.com\/#\/schema\/logo\/image\/\"}}]}<\/script>\n<!-- \/ Yoast SEO plugin. -->","yoast_head_json":{"title":"Disclaimer - Micdoodle8","robots":{"index":"index","follow":"follow","max-snippet":"max-snippet:-1","max-image-preview":"max-image-preview:large","max-video-preview":"max-video-preview:-1"},"canonical":"https:\/\/micdoodle8.com\/pt\/disclaimer\/","og_locale":"pt_BR","og_type":"article","og_title":"Disclaimer - Micdoodle8","og_description":"Please take the time to carefully review this disclaimer prior to utilizing Micdoodle8.com (&#8220;the Website&#8221;). Accessing and using the Website signifies your acknowledgment and consent to the terms outlined in this disclaimer. Third-Party Content The Website offers links for downloading Minecraft mods, skins, resource packs, texture packs, maps, and more, which are provided and uploaded [&hellip;]","og_url":"https:\/\/micdoodle8.com\/pt\/disclaimer\/","og_site_name":"Micdoodle8","article_modified_time":"2024-02-20T11:18:53+00:00","og_image":[{"width":1648,"height":736,"url":"https:\/\/micdoodle8.com\/wp-content\/uploads\/2023\/04\/lushcave.png","type":"image\/png"}],"twitter_card":"summary_large_image","twitter_misc":{"Est. tempo de leitura":"2 minutos"},"schema":{"@context":"https:\/\/schema.org","@graph":[{"@type":"WebPage","@id":"https:\/\/micdoodle8.com\/disclaimer\/","url":"https:\/\/micdoodle8.com\/disclaimer\/","name":"Disclaimer - Micdoodle8","isPartOf":{"@id":"https:\/\/micdoodle8.com\/#website"},"datePublished":"2023-02-25T17:51:51+00:00","dateModified":"2024-02-20T11:18:53+00:00","breadcrumb":{"@id":"https:\/\/micdoodle8.com\/disclaimer\/#breadcrumb"},"inLanguage":"pt-BR","potentialAction":[{"@type":"ReadAction","target":["https:\/\/micdoodle8.com\/disclaimer\/"]}]},{"@type":"BreadcrumbList","@id":"https:\/\/micdoodle8.com\/disclaimer\/#breadcrumb","itemListElement":[{"@type":"ListItem","position":1,"name":"Home","item":"https:\/\/micdoodle8.com\/"},{"@type":"ListItem","position":2,"name":"Disclaimer"}]},{"@type":"WebSite","@id":"https:\/\/micdoodle8.com\/#website","url":"https:\/\/micdoodle8.com\/","name":"Micdoodle8","description":"","publisher":{"@id":"https:\/\/micdoodle8.com\/#organization"},"alternateName":"Micdoodle8.com","potentialAction":[{"@type":"SearchAction","target":{"@type":"EntryPoint","urlTemplate":"https:\/\/micdoodle8.com\/?s={search_term_string}"},"query-input":{"@type":"PropertyValueSpecification","valueRequired":true,"valueName":"search_term_string"}}],"inLanguage":"pt-BR"},{"@type":"Organization","@id":"https:\/\/micdoodle8.com\/#organization","name":"Micdoodle8","alternateName":"Micdoodle8.com","url":"https:\/\/micdoodle8.com\/","logo":{"@type":"ImageObject","inLanguage":"pt-BR","@id":"https:\/\/micdoodle8.com\/#\/schema\/logo\/image\/","url":"https:\/\/micdoodle8.com\/wp-content\/uploads\/2023\/02\/micdoodle-favi.jpg","contentUrl":"https:\/\/micdoodle8.com\/wp-content\/uploads\/2023\/02\/micdoodle-favi.jpg","width":475,"height":475,"caption":"Micdoodle8"},"image":{"@id":"https:\/\/micdoodle8.com\/#\/schema\/logo\/image\/"}}]}},"_links":{"self":[{"href":"https:\/\/micdoodle8.com\/pt\/wp-json\/wp\/v2\/pages\/266","targetHints":{"allow":["GET"]}}],"collection":[{"href":"https:\/\/micdoodle8.com\/pt\/wp-json\/wp\/v2\/pages"}],"about":[{"href":"https:\/\/micdoodle8.com\/pt\/wp-json\/wp\/v2\/types\/page"}],"author":[{"embeddable":true,"href":"https:\/\/micdoodle8.com\/pt\/wp-json\/wp\/v2\/users\/1"}],"replies":[{"embeddable":true,"href":"https:\/\/micdoodle8.com\/pt\/wp-json\/wp\/v2\/comments?post=266"}],"version-history":[{"count":3,"href":"https:\/\/micdoodle8.com\/pt\/wp-json\/wp\/v2\/pages\/266\/revisions"}],"predecessor-version":[{"id":4488,"href":"https:\/\/micdoodle8.com\/pt\/wp-json\/wp\/v2\/pages\/266\/revisions\/4488"}],"wp:attachment":[{"href":"https:\/\/micdoodle8.com\/pt\/wp-json\/wp\/v2\/media?parent=266"}],"curies":[{"name":"wp","href":"https:\/\/api.w.org\/{rel}","templated":true}]}}