{"id":2996,"date":"2023-07-01T17:43:06","date_gmt":"2023-07-01T21:43:06","guid":{"rendered":"https:\/\/micdoodle8.com\/?page_id=2996"},"modified":"2024-02-20T06:19:56","modified_gmt":"2024-02-20T11:19:56","slug":"dmca","status":"publish","type":"page","link":"https:\/\/micdoodle8.com\/pt\/dmca\/","title":{"rendered":"DMCA"},"content":{"rendered":"<p>Em <a href=\"https:\/\/micdoodle8.com\/pt\/\">Micdoodle8<\/a>.com, temos grande considera\u00e7\u00e3o pelos direitos de propriedade intelectual de terceiros e esperamos o mesmo de nossos usu\u00e1rios. De acordo com a Lei de Direitos Autorais do Mil\u00eanio Digital de 1998 (DMCA), cujo texto completo est\u00e1 dispon\u00edvel no site do U.S. Copyright Office em <a href=\"http:\/\/www.copyright.gov\/legislation\/dmca.pdf\" target=\"_new\" rel=\"noopener\">http:\/\/www.copyright.gov\/legislation\/dmca.pdf<\/a>Em rela\u00e7\u00e3o \u00e0 viola\u00e7\u00e3o de direitos autorais, comprometemo-nos a tratar rapidamente as alega\u00e7\u00f5es de viola\u00e7\u00e3o de direitos autorais encaminhadas ao nosso agente de direitos autorais designado, conforme listado abaixo.<\/p>\n<p>Se voc\u00ea \u00e9 propriet\u00e1rio de direitos autorais ou est\u00e1 autorizado a agir em nome de um propriet\u00e1rio de direitos autorais, ou se est\u00e1 autorizado a agir sob qualquer direito exclusivo de direitos autorais, informe quaisquer supostas viola\u00e7\u00f5es de direitos autorais que ocorram no Micdoodle8.com ou por meio dele, enviando a seguinte Notifica\u00e7\u00e3o de suposta viola\u00e7\u00e3o de direitos autorais DMCA ao nosso agente de direitos autorais designado. Ao recebermos a notifica\u00e7\u00e3o conforme descrito abaixo, tomaremos as medidas que julgarmos necess\u00e1rias a nosso exclusivo crit\u00e9rio, incluindo a poss\u00edvel remo\u00e7\u00e3o do conte\u00fado contestado de nosso site.<div class=\"related-post-title\" style=\"color: #00008B; text-decoration: underline;\">Leia tamb\u00e9m: <a href=\"https:\/\/micdoodle8.com\/pt\/pubg\/\" style=\"color: #00008B; text-decoration: underline;\">PUBG<\/a><\/div><\/p>\n<h3>Notifica\u00e7\u00e3o DMCA de suposta infra\u00e7\u00e3o (\"Notifica\u00e7\u00e3o\")<\/h3>\n<ol>\n<li>Identifique claramente o trabalho protegido por direitos autorais que alega ter sido violado ou, se v\u00e1rios trabalhos estiverem sendo reivindicados, forne\u00e7a uma lista representativa dos trabalhos que alega estarem sendo violados.<\/li>\n<li>Especifique o conte\u00fado ou link que voc\u00ea afirma ser infrator (ou objeto de atividade infratora) e que o acesso deve ser desativado, incluindo, no m\u00ednimo, o URL do link mostrado em nosso site ou o local exato onde esse conte\u00fado pode ser encontrado.<\/li>\n<li>Forne\u00e7a a afilia\u00e7\u00e3o de sua empresa (se aplic\u00e1vel), endere\u00e7o para correspond\u00eancia, n\u00famero de telefone e, se dispon\u00edvel, um endere\u00e7o de e-mail.<\/li>\n<li>Inclua as duas declara\u00e7\u00f5es a seguir no corpo do Aviso:\n<ul>\n<li>\"Declaro que acredito de boa f\u00e9 que o uso contestado do material protegido por direitos autorais n\u00e3o est\u00e1 autorizado pelo propriet\u00e1rio dos direitos autorais, seu agente ou pela lei (por exemplo, como um uso justo).\"<\/li>\n<li>\"Declaro que as informa\u00e7\u00f5es contidas nesta Notifica\u00e7\u00e3o s\u00e3o precisas e, sob pena de perj\u00fario, que sou o propriet\u00e1rio dos direitos autorais ou estou autorizado a agir em nome do propriet\u00e1rio dos direitos autorais ou de um direito exclusivo sob os direitos autorais que supostamente foram violados.\"<\/li>\n<\/ul>\n<\/li>\n<li>Forne\u00e7a seu nome legal completo e sua assinatura eletr\u00f4nica ou f\u00edsica.<\/li>\n<\/ol>\n<p>Para facilitar esse processo, criamos um formul\u00e1rio de notifica\u00e7\u00e3o de DMCA dispon\u00edvel para ser preenchido e enviado diretamente a n\u00f3s.<\/p>\n<p>Esteja ciente de que voc\u00ea poder\u00e1 ser responsabilizado por danos (inclusive custos e honor\u00e1rios advocat\u00edcios) se fizer declara\u00e7\u00f5es falsas ou alega\u00e7\u00f5es de m\u00e1-f\u00e9 sobre a viola\u00e7\u00e3o de qualquer conte\u00fado encontrado em nosso servi\u00e7o ou por meio dele sobre seus direitos autorais.<\/p>\n<\/p>","protected":false},"excerpt":{"rendered":"<p>No Micdoodle8.com, temos grande considera\u00e7\u00e3o pelos direitos de propriedade intelectual de terceiros e esperamos o mesmo de nossos usu\u00e1rios. Em conson\u00e2ncia com a Lei de Direitos Autorais do Mil\u00eanio Digital de 1998 (DMCA), cujo texto completo est\u00e1 dispon\u00edvel no site do Escrit\u00f3rio de Direitos Autorais dos EUA em http:\/\/www.copyright.gov\/legislation\/dmca.pdf, comprometemo-nos a abordar rapidamente as alega\u00e7\u00f5es de viola\u00e7\u00e3o de direitos autorais direcionadas a [...]<\/p>","protected":false},"author":1,"featured_media":0,"parent":0,"menu_order":0,"comment_status":"closed","ping_status":"closed","template":"","meta":{"footnotes":""},"class_list":["post-2996","page","type-page","status-publish","hentry"],"yoast_head":"<!-- This site is optimized with the Yoast SEO plugin v23.5 - https:\/\/yoast.com\/wordpress\/plugins\/seo\/ -->\n<title>DMCA - Micdoodle8<\/title>\n<meta name=\"robots\" content=\"index, follow, max-snippet:-1, max-image-preview:large, max-video-preview:-1\" \/>\n<link rel=\"canonical\" href=\"https:\/\/micdoodle8.com\/pt\/dmca\/\" \/>\n<meta property=\"og:locale\" content=\"pt_BR\" \/>\n<meta property=\"og:type\" content=\"article\" \/>\n<meta property=\"og:title\" content=\"DMCA - Micdoodle8\" \/>\n<meta property=\"og:description\" content=\"At Micdoodle8.com, we hold the intellectual property rights of others in high regard and expect the same from our users. In line with the Digital Millennium Copyright Act of 1998 (DMCA), whose full text is available on the U.S. Copyright Office website at http:\/\/www.copyright.gov\/legislation\/dmca.pdf, we commit to swiftly addressing allegations of copyright infringement directed to [&hellip;]\" \/>\n<meta property=\"og:url\" content=\"https:\/\/micdoodle8.com\/pt\/dmca\/\" \/>\n<meta property=\"og:site_name\" content=\"Micdoodle8\" \/>\n<meta property=\"article:modified_time\" content=\"2024-02-20T11:19:56+00:00\" \/>\n<meta property=\"og:image\" content=\"https:\/\/micdoodle8.com\/wp-content\/uploads\/2023\/04\/lushcave.png\" \/>\n\t<meta property=\"og:image:width\" content=\"1648\" \/>\n\t<meta property=\"og:image:height\" content=\"736\" \/>\n\t<meta property=\"og:image:type\" content=\"image\/png\" \/>\n<meta name=\"twitter:card\" content=\"summary_large_image\" \/>\n<meta name=\"twitter:label1\" content=\"Est. tempo de leitura\" \/>\n\t<meta name=\"twitter:data1\" content=\"2 minutos\" \/>\n<script type=\"application\/ld+json\" class=\"yoast-schema-graph\">{\"@context\":\"https:\/\/schema.org\",\"@graph\":[{\"@type\":\"WebPage\",\"@id\":\"https:\/\/micdoodle8.com\/fr\/dmca\/\",\"url\":\"https:\/\/micdoodle8.com\/fr\/dmca\/\",\"name\":\"DMCA - Micdoodle8\",\"isPartOf\":{\"@id\":\"https:\/\/micdoodle8.com\/#website\"},\"datePublished\":\"2023-07-01T21:43:06+00:00\",\"dateModified\":\"2024-02-20T11:19:56+00:00\",\"breadcrumb\":{\"@id\":\"https:\/\/micdoodle8.com\/fr\/dmca\/#breadcrumb\"},\"inLanguage\":\"pt-BR\",\"potentialAction\":[{\"@type\":\"ReadAction\",\"target\":[\"https:\/\/micdoodle8.com\/fr\/dmca\/\"]}]},{\"@type\":\"BreadcrumbList\",\"@id\":\"https:\/\/micdoodle8.com\/fr\/dmca\/#breadcrumb\",\"itemListElement\":[{\"@type\":\"ListItem\",\"position\":1,\"name\":\"Home\",\"item\":\"https:\/\/micdoodle8.com\/\"},{\"@type\":\"ListItem\",\"position\":2,\"name\":\"DMCA\"}]},{\"@type\":\"WebSite\",\"@id\":\"https:\/\/micdoodle8.com\/#website\",\"url\":\"https:\/\/micdoodle8.com\/\",\"name\":\"Micdoodle8\",\"description\":\"\",\"publisher\":{\"@id\":\"https:\/\/micdoodle8.com\/#organization\"},\"alternateName\":\"Micdoodle8.com\",\"potentialAction\":[{\"@type\":\"SearchAction\",\"target\":{\"@type\":\"EntryPoint\",\"urlTemplate\":\"https:\/\/micdoodle8.com\/?s={search_term_string}\"},\"query-input\":{\"@type\":\"PropertyValueSpecification\",\"valueRequired\":true,\"valueName\":\"search_term_string\"}}],\"inLanguage\":\"pt-BR\"},{\"@type\":\"Organization\",\"@id\":\"https:\/\/micdoodle8.com\/#organization\",\"name\":\"Micdoodle8\",\"alternateName\":\"Micdoodle8.com\",\"url\":\"https:\/\/micdoodle8.com\/\",\"logo\":{\"@type\":\"ImageObject\",\"inLanguage\":\"pt-BR\",\"@id\":\"https:\/\/micdoodle8.com\/#\/schema\/logo\/image\/\",\"url\":\"https:\/\/micdoodle8.com\/wp-content\/uploads\/2023\/02\/micdoodle-favi.jpg\",\"contentUrl\":\"https:\/\/micdoodle8.com\/wp-content\/uploads\/2023\/02\/micdoodle-favi.jpg\",\"width\":475,\"height\":475,\"caption\":\"Micdoodle8\"},\"image\":{\"@id\":\"https:\/\/micdoodle8.com\/#\/schema\/logo\/image\/\"}}]}<\/script>\n<!-- \/ Yoast SEO plugin. -->","yoast_head_json":{"title":"DMCA - Micdoodle8","robots":{"index":"index","follow":"follow","max-snippet":"max-snippet:-1","max-image-preview":"max-image-preview:large","max-video-preview":"max-video-preview:-1"},"canonical":"https:\/\/micdoodle8.com\/pt\/dmca\/","og_locale":"pt_BR","og_type":"article","og_title":"DMCA - Micdoodle8","og_description":"At Micdoodle8.com, we hold the intellectual property rights of others in high regard and expect the same from our users. In line with the Digital Millennium Copyright Act of 1998 (DMCA), whose full text is available on the U.S. Copyright Office website at http:\/\/www.copyright.gov\/legislation\/dmca.pdf, we commit to swiftly addressing allegations of copyright infringement directed to [&hellip;]","og_url":"https:\/\/micdoodle8.com\/pt\/dmca\/","og_site_name":"Micdoodle8","article_modified_time":"2024-02-20T11:19:56+00:00","og_image":[{"width":1648,"height":736,"url":"https:\/\/micdoodle8.com\/wp-content\/uploads\/2023\/04\/lushcave.png","type":"image\/png"}],"twitter_card":"summary_large_image","twitter_misc":{"Est. tempo de leitura":"2 minutos"},"schema":{"@context":"https:\/\/schema.org","@graph":[{"@type":"WebPage","@id":"https:\/\/micdoodle8.com\/fr\/dmca\/","url":"https:\/\/micdoodle8.com\/fr\/dmca\/","name":"DMCA - Micdoodle8","isPartOf":{"@id":"https:\/\/micdoodle8.com\/#website"},"datePublished":"2023-07-01T21:43:06+00:00","dateModified":"2024-02-20T11:19:56+00:00","breadcrumb":{"@id":"https:\/\/micdoodle8.com\/fr\/dmca\/#breadcrumb"},"inLanguage":"pt-BR","potentialAction":[{"@type":"ReadAction","target":["https:\/\/micdoodle8.com\/fr\/dmca\/"]}]},{"@type":"BreadcrumbList","@id":"https:\/\/micdoodle8.com\/fr\/dmca\/#breadcrumb","itemListElement":[{"@type":"ListItem","position":1,"name":"Home","item":"https:\/\/micdoodle8.com\/"},{"@type":"ListItem","position":2,"name":"DMCA"}]},{"@type":"WebSite","@id":"https:\/\/micdoodle8.com\/#website","url":"https:\/\/micdoodle8.com\/","name":"Micdoodle8","description":"","publisher":{"@id":"https:\/\/micdoodle8.com\/#organization"},"alternateName":"Micdoodle8.com","potentialAction":[{"@type":"SearchAction","target":{"@type":"EntryPoint","urlTemplate":"https:\/\/micdoodle8.com\/?s={search_term_string}"},"query-input":{"@type":"PropertyValueSpecification","valueRequired":true,"valueName":"search_term_string"}}],"inLanguage":"pt-BR"},{"@type":"Organization","@id":"https:\/\/micdoodle8.com\/#organization","name":"Micdoodle8","alternateName":"Micdoodle8.com","url":"https:\/\/micdoodle8.com\/","logo":{"@type":"ImageObject","inLanguage":"pt-BR","@id":"https:\/\/micdoodle8.com\/#\/schema\/logo\/image\/","url":"https:\/\/micdoodle8.com\/wp-content\/uploads\/2023\/02\/micdoodle-favi.jpg","contentUrl":"https:\/\/micdoodle8.com\/wp-content\/uploads\/2023\/02\/micdoodle-favi.jpg","width":475,"height":475,"caption":"Micdoodle8"},"image":{"@id":"https:\/\/micdoodle8.com\/#\/schema\/logo\/image\/"}}]}},"_links":{"self":[{"href":"https:\/\/micdoodle8.com\/pt\/wp-json\/wp\/v2\/pages\/2996","targetHints":{"allow":["GET"]}}],"collection":[{"href":"https:\/\/micdoodle8.com\/pt\/wp-json\/wp\/v2\/pages"}],"about":[{"href":"https:\/\/micdoodle8.com\/pt\/wp-json\/wp\/v2\/types\/page"}],"author":[{"embeddable":true,"href":"https:\/\/micdoodle8.com\/pt\/wp-json\/wp\/v2\/users\/1"}],"replies":[{"embeddable":true,"href":"https:\/\/micdoodle8.com\/pt\/wp-json\/wp\/v2\/comments?post=2996"}],"version-history":[{"count":3,"href":"https:\/\/micdoodle8.com\/pt\/wp-json\/wp\/v2\/pages\/2996\/revisions"}],"predecessor-version":[{"id":4490,"href":"https:\/\/micdoodle8.com\/pt\/wp-json\/wp\/v2\/pages\/2996\/revisions\/4490"}],"wp:attachment":[{"href":"https:\/\/micdoodle8.com\/pt\/wp-json\/wp\/v2\/media?parent=2996"}],"curies":[{"name":"wp","href":"https:\/\/api.w.org\/{rel}","templated":true}]}}