{"id":3003,"date":"2023-07-01T17:53:30","date_gmt":"2023-07-01T21:53:30","guid":{"rendered":"https:\/\/micdoodle8.com\/?page_id=3003"},"modified":"2024-02-20T06:17:56","modified_gmt":"2024-02-20T11:17:56","slug":"advertise","status":"publish","type":"page","link":"https:\/\/micdoodle8.com\/pt\/advertise\/","title":{"rendered":"Anuncie"},"content":{"rendered":"<p>Bem-vindo \u00e0 p\u00e1gina de consulta de publicidade da <a href=\"https:\/\/micdoodle8.com\/pt\/\">Micdoodle8<\/a>.com. Ficamos felizes em saber do seu interesse em se conectar com nossa comunidade engajada e apaixonada. Fazemos parcerias apenas com ag\u00eancias e plataformas de publicidade conceituadas para garantir que nosso p\u00fablico receba an\u00fancios do mais alto calibre e relev\u00e2ncia. Para iniciar discuss\u00f5es sobre possibilidades de publicidade, preencha o formul\u00e1rio abaixo. Ao enviar este formul\u00e1rio, voc\u00ea afirma que os detalhes fornecidos est\u00e3o corretos e que voc\u00ea tem autoridade para agir em nome da empresa mencionada.<\/p>\n<p>\u00c9 importante entender que o preenchimento deste formul\u00e1rio n\u00e3o garante automaticamente o espa\u00e7o publicit\u00e1rio no Micdoodle8.com. Avaliamos rigorosamente todo o conte\u00fado publicit\u00e1rio para garantir que ele atenda aos nossos padr\u00f5es de qualidade e esteja de acordo com os interesses da nossa comunidade.<div class=\"related-post-title\" style=\"color: #00008B; text-decoration: underline;\">Leia tamb\u00e9m: <a href=\"https:\/\/micdoodle8.com\/pt\/minecraft-pe-1-16-101-apk\/\" style=\"color: #00008B; text-decoration: underline;\">Minecraft PE 1.16.101 APK<\/a><\/div><\/p>\n<p>Estamos ansiosos para examinar sua proposta e valorizamos seu interesse em formar uma parceria com o Micdoodle8.com!<\/p>\n<\/p>","protected":false},"excerpt":{"rendered":"<p>Bem-vindo \u00e0 p\u00e1gina de consulta de publicidade do Micdoodle8.com. Ficamos felizes em saber do seu interesse em se conectar com nossa comunidade engajada e apaixonada. Temos parceria apenas com ag\u00eancias e plataformas de publicidade conceituadas para garantir que nosso p\u00fablico receba an\u00fancios do mais alto calibre e relev\u00e2ncia.<\/p>","protected":false},"author":1,"featured_media":0,"parent":0,"menu_order":0,"comment_status":"closed","ping_status":"closed","template":"","meta":{"footnotes":""},"class_list":["post-3003","page","type-page","status-publish","hentry"],"yoast_head":"<!-- This site is optimized with the Yoast SEO plugin v23.5 - https:\/\/yoast.com\/wordpress\/plugins\/seo\/ -->\n<title>Advertise - Micdoodle8<\/title>\n<meta name=\"robots\" content=\"index, follow, max-snippet:-1, max-image-preview:large, max-video-preview:-1\" \/>\n<link rel=\"canonical\" href=\"https:\/\/micdoodle8.com\/pt\/advertise\/\" \/>\n<meta property=\"og:locale\" content=\"pt_BR\" \/>\n<meta property=\"og:type\" content=\"article\" \/>\n<meta property=\"og:title\" content=\"Advertise - Micdoodle8\" \/>\n<meta property=\"og:description\" content=\"Welcome to the Advertising Inquiry Page of Micdoodle8.com. We&#8217;re thrilled to learn about your interest in connecting with our engaged and passionate community. We partner solely with esteemed advertising agencies and platforms to guarantee that our audience is presented with ads of the highest caliber and relevance.To initiate discussions regarding advertising possibilities, please complete the [&hellip;]\" \/>\n<meta property=\"og:url\" content=\"https:\/\/micdoodle8.com\/pt\/advertise\/\" \/>\n<meta property=\"og:site_name\" content=\"Micdoodle8\" \/>\n<meta property=\"article:modified_time\" content=\"2024-02-20T11:17:56+00:00\" \/>\n<meta property=\"og:image\" content=\"https:\/\/micdoodle8.com\/wp-content\/uploads\/2023\/04\/lushcave.png\" \/>\n\t<meta property=\"og:image:width\" content=\"1648\" \/>\n\t<meta property=\"og:image:height\" content=\"736\" \/>\n\t<meta property=\"og:image:type\" content=\"image\/png\" \/>\n<meta name=\"twitter:card\" content=\"summary_large_image\" \/>\n<meta name=\"twitter:label1\" content=\"Est. tempo de leitura\" \/>\n\t<meta name=\"twitter:data1\" content=\"1 minuto\" \/>\n<script type=\"application\/ld+json\" class=\"yoast-schema-graph\">{\"@context\":\"https:\/\/schema.org\",\"@graph\":[{\"@type\":\"WebPage\",\"@id\":\"https:\/\/micdoodle8.com\/advertise\/\",\"url\":\"https:\/\/micdoodle8.com\/advertise\/\",\"name\":\"Advertise - Micdoodle8\",\"isPartOf\":{\"@id\":\"https:\/\/micdoodle8.com\/#website\"},\"datePublished\":\"2023-07-01T21:53:30+00:00\",\"dateModified\":\"2024-02-20T11:17:56+00:00\",\"breadcrumb\":{\"@id\":\"https:\/\/micdoodle8.com\/advertise\/#breadcrumb\"},\"inLanguage\":\"pt-BR\",\"potentialAction\":[{\"@type\":\"ReadAction\",\"target\":[\"https:\/\/micdoodle8.com\/advertise\/\"]}]},{\"@type\":\"BreadcrumbList\",\"@id\":\"https:\/\/micdoodle8.com\/advertise\/#breadcrumb\",\"itemListElement\":[{\"@type\":\"ListItem\",\"position\":1,\"name\":\"Home\",\"item\":\"https:\/\/micdoodle8.com\/\"},{\"@type\":\"ListItem\",\"position\":2,\"name\":\"Advertise\"}]},{\"@type\":\"WebSite\",\"@id\":\"https:\/\/micdoodle8.com\/#website\",\"url\":\"https:\/\/micdoodle8.com\/\",\"name\":\"Micdoodle8\",\"description\":\"\",\"publisher\":{\"@id\":\"https:\/\/micdoodle8.com\/#organization\"},\"alternateName\":\"Micdoodle8.com\",\"potentialAction\":[{\"@type\":\"SearchAction\",\"target\":{\"@type\":\"EntryPoint\",\"urlTemplate\":\"https:\/\/micdoodle8.com\/?s={search_term_string}\"},\"query-input\":{\"@type\":\"PropertyValueSpecification\",\"valueRequired\":true,\"valueName\":\"search_term_string\"}}],\"inLanguage\":\"pt-BR\"},{\"@type\":\"Organization\",\"@id\":\"https:\/\/micdoodle8.com\/#organization\",\"name\":\"Micdoodle8\",\"alternateName\":\"Micdoodle8.com\",\"url\":\"https:\/\/micdoodle8.com\/\",\"logo\":{\"@type\":\"ImageObject\",\"inLanguage\":\"pt-BR\",\"@id\":\"https:\/\/micdoodle8.com\/#\/schema\/logo\/image\/\",\"url\":\"https:\/\/micdoodle8.com\/wp-content\/uploads\/2023\/02\/micdoodle-favi.jpg\",\"contentUrl\":\"https:\/\/micdoodle8.com\/wp-content\/uploads\/2023\/02\/micdoodle-favi.jpg\",\"width\":475,\"height\":475,\"caption\":\"Micdoodle8\"},\"image\":{\"@id\":\"https:\/\/micdoodle8.com\/#\/schema\/logo\/image\/\"}}]}<\/script>\n<!-- \/ Yoast SEO plugin. -->","yoast_head_json":{"title":"Advertise - Micdoodle8","robots":{"index":"index","follow":"follow","max-snippet":"max-snippet:-1","max-image-preview":"max-image-preview:large","max-video-preview":"max-video-preview:-1"},"canonical":"https:\/\/micdoodle8.com\/pt\/advertise\/","og_locale":"pt_BR","og_type":"article","og_title":"Advertise - Micdoodle8","og_description":"Welcome to the Advertising Inquiry Page of Micdoodle8.com. We&#8217;re thrilled to learn about your interest in connecting with our engaged and passionate community. We partner solely with esteemed advertising agencies and platforms to guarantee that our audience is presented with ads of the highest caliber and relevance.To initiate discussions regarding advertising possibilities, please complete the [&hellip;]","og_url":"https:\/\/micdoodle8.com\/pt\/advertise\/","og_site_name":"Micdoodle8","article_modified_time":"2024-02-20T11:17:56+00:00","og_image":[{"width":1648,"height":736,"url":"https:\/\/micdoodle8.com\/wp-content\/uploads\/2023\/04\/lushcave.png","type":"image\/png"}],"twitter_card":"summary_large_image","twitter_misc":{"Est. tempo de leitura":"1 minuto"},"schema":{"@context":"https:\/\/schema.org","@graph":[{"@type":"WebPage","@id":"https:\/\/micdoodle8.com\/advertise\/","url":"https:\/\/micdoodle8.com\/advertise\/","name":"Advertise - Micdoodle8","isPartOf":{"@id":"https:\/\/micdoodle8.com\/#website"},"datePublished":"2023-07-01T21:53:30+00:00","dateModified":"2024-02-20T11:17:56+00:00","breadcrumb":{"@id":"https:\/\/micdoodle8.com\/advertise\/#breadcrumb"},"inLanguage":"pt-BR","potentialAction":[{"@type":"ReadAction","target":["https:\/\/micdoodle8.com\/advertise\/"]}]},{"@type":"BreadcrumbList","@id":"https:\/\/micdoodle8.com\/advertise\/#breadcrumb","itemListElement":[{"@type":"ListItem","position":1,"name":"Home","item":"https:\/\/micdoodle8.com\/"},{"@type":"ListItem","position":2,"name":"Advertise"}]},{"@type":"WebSite","@id":"https:\/\/micdoodle8.com\/#website","url":"https:\/\/micdoodle8.com\/","name":"Micdoodle8","description":"","publisher":{"@id":"https:\/\/micdoodle8.com\/#organization"},"alternateName":"Micdoodle8.com","potentialAction":[{"@type":"SearchAction","target":{"@type":"EntryPoint","urlTemplate":"https:\/\/micdoodle8.com\/?s={search_term_string}"},"query-input":{"@type":"PropertyValueSpecification","valueRequired":true,"valueName":"search_term_string"}}],"inLanguage":"pt-BR"},{"@type":"Organization","@id":"https:\/\/micdoodle8.com\/#organization","name":"Micdoodle8","alternateName":"Micdoodle8.com","url":"https:\/\/micdoodle8.com\/","logo":{"@type":"ImageObject","inLanguage":"pt-BR","@id":"https:\/\/micdoodle8.com\/#\/schema\/logo\/image\/","url":"https:\/\/micdoodle8.com\/wp-content\/uploads\/2023\/02\/micdoodle-favi.jpg","contentUrl":"https:\/\/micdoodle8.com\/wp-content\/uploads\/2023\/02\/micdoodle-favi.jpg","width":475,"height":475,"caption":"Micdoodle8"},"image":{"@id":"https:\/\/micdoodle8.com\/#\/schema\/logo\/image\/"}}]}},"_links":{"self":[{"href":"https:\/\/micdoodle8.com\/pt\/wp-json\/wp\/v2\/pages\/3003","targetHints":{"allow":["GET"]}}],"collection":[{"href":"https:\/\/micdoodle8.com\/pt\/wp-json\/wp\/v2\/pages"}],"about":[{"href":"https:\/\/micdoodle8.com\/pt\/wp-json\/wp\/v2\/types\/page"}],"author":[{"embeddable":true,"href":"https:\/\/micdoodle8.com\/pt\/wp-json\/wp\/v2\/users\/1"}],"replies":[{"embeddable":true,"href":"https:\/\/micdoodle8.com\/pt\/wp-json\/wp\/v2\/comments?post=3003"}],"version-history":[{"count":3,"href":"https:\/\/micdoodle8.com\/pt\/wp-json\/wp\/v2\/pages\/3003\/revisions"}],"predecessor-version":[{"id":4487,"href":"https:\/\/micdoodle8.com\/pt\/wp-json\/wp\/v2\/pages\/3003\/revisions\/4487"}],"wp:attachment":[{"href":"https:\/\/micdoodle8.com\/pt\/wp-json\/wp\/v2\/media?parent=3003"}],"curies":[{"name":"wp","href":"https:\/\/api.w.org\/{rel}","templated":true}]}}